{"id":9620,"date":"2025-12-18T22:43:45","date_gmt":"2025-12-18T22:43:45","guid":{"rendered":"https:\/\/safabhe.com\/voyages\/?post_type=product&#038;p=9620"},"modified":"2026-01-18T20:23:43","modified_gmt":"2026-01-18T20:23:43","slug":"creation-dentreprise","status":"publish","type":"product","link":"https:\/\/safabhe.com\/voyages\/produit\/creation-dentreprise\/","title":{"rendered":"Cr\u00e9ation d&rsquo;Entreprise"},"content":{"rendered":"<h3 data-path-to-node=\"12\">Un accompagnement cl\u00e9 en main pour entrepreneurs<\/h3>\n<p data-path-to-node=\"13\">Cr\u00e9er une entreprise peut \u00eatre un parcours complexe. Avec Safabhe Voyages, b\u00e9n\u00e9ficiez d\u2019un service complet et sur-mesure pour donner vie \u00e0 vos projets.<\/p>\n<p data-path-to-node=\"14\"><b data-path-to-node=\"14\" data-index-in-node=\"0\">Nos services incluent :<\/b><\/p>\n<ul data-path-to-node=\"15\">\n<li>\n<p data-path-to-node=\"15,0,0\"><b data-path-to-node=\"15,0,0\" data-index-in-node=\"0\">Conseils personnalis\u00e9s :<\/b> Assistance sur le choix du statut juridique adapt\u00e9.<\/p>\n<\/li>\n<li>\n<p data-path-to-node=\"15,1,0\"><b data-path-to-node=\"15,1,0\" data-index-in-node=\"0\">Constitution des dossiers :<\/b> R\u00e9daction des statuts et formalit\u00e9s l\u00e9gales.<\/p>\n<\/li>\n<li>\n<p data-path-to-node=\"15,2,0\"><b data-path-to-node=\"15,2,0\" data-index-in-node=\"0\">Enregistrement officiel :<\/b> D\u00e9p\u00f4t aupr\u00e8s des administrations comp\u00e9tentes (APIX au S\u00e9n\u00e9gal ou APIP en Guin\u00e9e).<\/p>\n<\/li>\n<li>\n<p data-path-to-node=\"15,3,0\"><b data-path-to-node=\"15,3,0\" data-index-in-node=\"0\">Obtention des documents l\u00e9gaux :<\/b> Registre de commerce (RCCM), NINEA\/NIF et identification fiscale.<\/p>\n<\/li>\n<\/ul>\n","protected":false},"excerpt":{"rendered":"<p>Un accompagnement cl\u00e9 en main pour entrepreneurs Cr\u00e9er une entreprise  [&#8230;]<\/p>\n","protected":false},"featured_media":9624,"comment_status":"open","ping_status":"closed","template":"","meta":[],"product_brand":[],"product_cat":[248],"product_tag":[],"class_list":{"0":"post-9620","1":"product","2":"type-product","3":"status-publish","4":"has-post-thumbnail","6":"product_cat-demarches-administratives","8":"first","9":"instock","10":"taxable","11":"shipping-taxable","12":"product-type-variable"},"jetpack_sharing_enabled":true,"_links":{"self":[{"href":"https:\/\/safabhe.com\/voyages\/wp-json\/wp\/v2\/product\/9620","targetHints":{"allow":["GET"]}}],"collection":[{"href":"https:\/\/safabhe.com\/voyages\/wp-json\/wp\/v2\/product"}],"about":[{"href":"https:\/\/safabhe.com\/voyages\/wp-json\/wp\/v2\/types\/product"}],"replies":[{"embeddable":true,"href":"https:\/\/safabhe.com\/voyages\/wp-json\/wp\/v2\/comments?post=9620"}],"wp:featuredmedia":[{"embeddable":true,"href":"https:\/\/safabhe.com\/voyages\/wp-json\/wp\/v2\/media\/9624"}],"wp:attachment":[{"href":"https:\/\/safabhe.com\/voyages\/wp-json\/wp\/v2\/media?parent=9620"}],"wp:term":[{"taxonomy":"product_brand","embeddable":true,"href":"https:\/\/safabhe.com\/voyages\/wp-json\/wp\/v2\/product_brand?post=9620"},{"taxonomy":"product_cat","embeddable":true,"href":"https:\/\/safabhe.com\/voyages\/wp-json\/wp\/v2\/product_cat?post=9620"},{"taxonomy":"product_tag","embeddable":true,"href":"https:\/\/safabhe.com\/voyages\/wp-json\/wp\/v2\/product_tag?post=9620"}],"curies":[{"name":"wp","href":"https:\/\/api.w.org\/{rel}","templated":true}]}}