{"id":9249,"date":"2025-10-18T21:12:17","date_gmt":"2025-10-18T21:12:17","guid":{"rendered":"https:\/\/safabhe.com\/voyages\/?post_type=product&#038;p=9249"},"modified":"2025-10-18T21:18:08","modified_gmt":"2025-10-18T21:18:08","slug":"tableau-fils-personalise","status":"publish","type":"product","link":"https:\/\/safabhe.com\/voyages\/produit\/tableau-fils-personalise\/","title":{"rendered":"Tableau fils personalise\u0301"},"content":{"rendered":"<p class=\"p1\"><span class=\"s1\">Apportez une touche artistique et unique \u00e0 votre int\u00e9rieur avec notre <\/span><span class=\"s2\">tableau fils personnalis\u00e9<\/span><span class=\"s1\">. Chaque tableau est r\u00e9alis\u00e9 \u00e0 la main avec des fils de qualit\u00e9, selon vos choix de couleurs et de motifs. Que ce soit pour un cadeau, un \u00e9v\u00e9nement sp\u00e9cial ou simplement pour embellir votre espace, ce tableau combine cr\u00e9ativit\u00e9, originalit\u00e9 et \u00e9l\u00e9gance. Une d\u00e9coration murale qui attire l\u2019\u0153il et refl\u00e8te votre style personnel.<\/span><\/p>\n","protected":false},"excerpt":{"rendered":"<p class=\"p1\"><span class=\"s1\">Tableau r\u00e9alis\u00e9 \u00e0 la main avec fils color\u00e9s, personnalisable selon vos envies pour une d\u00e9coration originale et \u00e9l\u00e9gante.<\/span><\/p>\n","protected":false},"featured_media":9250,"comment_status":"open","ping_status":"closed","template":"","meta":[],"product_brand":[],"product_cat":[295],"product_tag":[],"class_list":{"0":"post-9249","1":"product","2":"type-product","3":"status-publish","4":"has-post-thumbnail","6":"product_cat-tableau","8":"first","9":"instock","10":"taxable","11":"shipping-taxable","12":"purchasable","13":"product-type-simple"},"jetpack_sharing_enabled":true,"_links":{"self":[{"href":"https:\/\/safabhe.com\/voyages\/wp-json\/wp\/v2\/product\/9249","targetHints":{"allow":["GET"]}}],"collection":[{"href":"https:\/\/safabhe.com\/voyages\/wp-json\/wp\/v2\/product"}],"about":[{"href":"https:\/\/safabhe.com\/voyages\/wp-json\/wp\/v2\/types\/product"}],"replies":[{"embeddable":true,"href":"https:\/\/safabhe.com\/voyages\/wp-json\/wp\/v2\/comments?post=9249"}],"wp:featuredmedia":[{"embeddable":true,"href":"https:\/\/safabhe.com\/voyages\/wp-json\/wp\/v2\/media\/9250"}],"wp:attachment":[{"href":"https:\/\/safabhe.com\/voyages\/wp-json\/wp\/v2\/media?parent=9249"}],"wp:term":[{"taxonomy":"product_brand","embeddable":true,"href":"https:\/\/safabhe.com\/voyages\/wp-json\/wp\/v2\/product_brand?post=9249"},{"taxonomy":"product_cat","embeddable":true,"href":"https:\/\/safabhe.com\/voyages\/wp-json\/wp\/v2\/product_cat?post=9249"},{"taxonomy":"product_tag","embeddable":true,"href":"https:\/\/safabhe.com\/voyages\/wp-json\/wp\/v2\/product_tag?post=9249"}],"curies":[{"name":"wp","href":"https:\/\/api.w.org\/{rel}","templated":true}]}}