{"id":9231,"date":"2025-10-18T20:18:32","date_gmt":"2025-10-18T20:18:32","guid":{"rendered":"https:\/\/safabhe.com\/voyages\/?post_type=product&#038;p=9231"},"modified":"2025-10-18T20:18:32","modified_gmt":"2025-10-18T20:18:32","slug":"porte-feuille-cuir","status":"publish","type":"product","link":"https:\/\/safabhe.com\/voyages\/produit\/porte-feuille-cuir\/","title":{"rendered":"Porte feuille cuir"},"content":{"rendered":"<p class=\"p1\"><span class=\"s1\">Alliez \u00e9l\u00e9gance et praticit\u00e9 avec ce <\/span><span class=\"s2\">portefeuille en cuir<\/span><span class=\"s1\">, un accessoire indispensable pour un quotidien organis\u00e9 et styl\u00e9. Con\u00e7u dans un cuir de qualit\u00e9, il offre une excellente durabilit\u00e9 tout en conservant une allure chic et intemporelle.<\/span><\/p>\n<p class=\"p1\"><span class=\"s1\">Compact mais fonctionnel, il dispose de plusieurs compartiments pour vos <\/span><span class=\"s2\">cartes bancaires, billets, pi\u00e8ces et documents essentiels<\/span><span class=\"s1\">. Que ce soit pour un usage personnel ou comme id\u00e9e cadeau, ce portefeuille est le parfait compromis entre style et utilit\u00e9.<\/span><\/p>\n<p class=\"p1\"><span class=\"s1\">\u2728 <\/span><span class=\"s2\">Caract\u00e9ristiques :<\/span><\/p>\n<p class=\"p1\"><span class=\"s1\">\u2714 Cuir de haute qualit\u00e9, r\u00e9sistant et raffin\u00e9<\/span><\/p>\n<p class=\"p1\"><span class=\"s1\">\u2714 Format compact pour un rangement facile<\/span><\/p>\n<p class=\"p1\"><span class=\"s1\">\u2714 Compartiments d\u00e9di\u00e9s aux cartes et billets<\/span><\/p>\n<p class=\"p1\"><span class=\"s1\">\u2714 Convient aussi bien aux hommes qu\u2019aux femmes (ou pr\u00e9ciser selon le mod\u00e8le)<\/span><\/p>\n<p class=\"p1\"><span class=\"s1\">\u2714 Accessoire id\u00e9al pour un look \u00e9l\u00e9gant et professionnel<\/span><\/p>\n","protected":false},"excerpt":{"rendered":"<p class=\"p1\"><span class=\"s1\">Portefeuille en cuir raffin\u00e9, compact et robuste. Id\u00e9al pour ranger cartes, billets et pi\u00e8ces avec style.<\/span><\/p>\n","protected":false},"featured_media":9236,"comment_status":"open","ping_status":"closed","template":"","meta":[],"product_brand":[],"product_cat":[294],"product_tag":[],"class_list":{"0":"post-9231","1":"product","2":"type-product","3":"status-publish","4":"has-post-thumbnail","6":"product_cat-accessoire","8":"first","9":"instock","10":"taxable","11":"shipping-taxable","12":"purchasable","13":"product-type-simple"},"jetpack_sharing_enabled":true,"_links":{"self":[{"href":"https:\/\/safabhe.com\/voyages\/wp-json\/wp\/v2\/product\/9231","targetHints":{"allow":["GET"]}}],"collection":[{"href":"https:\/\/safabhe.com\/voyages\/wp-json\/wp\/v2\/product"}],"about":[{"href":"https:\/\/safabhe.com\/voyages\/wp-json\/wp\/v2\/types\/product"}],"replies":[{"embeddable":true,"href":"https:\/\/safabhe.com\/voyages\/wp-json\/wp\/v2\/comments?post=9231"}],"wp:featuredmedia":[{"embeddable":true,"href":"https:\/\/safabhe.com\/voyages\/wp-json\/wp\/v2\/media\/9236"}],"wp:attachment":[{"href":"https:\/\/safabhe.com\/voyages\/wp-json\/wp\/v2\/media?parent=9231"}],"wp:term":[{"taxonomy":"product_brand","embeddable":true,"href":"https:\/\/safabhe.com\/voyages\/wp-json\/wp\/v2\/product_brand?post=9231"},{"taxonomy":"product_cat","embeddable":true,"href":"https:\/\/safabhe.com\/voyages\/wp-json\/wp\/v2\/product_cat?post=9231"},{"taxonomy":"product_tag","embeddable":true,"href":"https:\/\/safabhe.com\/voyages\/wp-json\/wp\/v2\/product_tag?post=9231"}],"curies":[{"name":"wp","href":"https:\/\/api.w.org\/{rel}","templated":true}]}}