{"id":9104,"date":"2025-10-07T22:32:57","date_gmt":"2025-10-07T22:32:57","guid":{"rendered":"https:\/\/safabhe.com\/voyages\/?post_type=product&#038;p=9104"},"modified":"2025-12-07T17:50:39","modified_gmt":"2025-12-07T17:50:39","slug":"assurance-voyages","status":"publish","type":"product","link":"https:\/\/safabhe.com\/voyages\/produit\/assurance-voyages\/","title":{"rendered":"Assurance Voyages"},"content":{"rendered":"<p>L\u2019assurance voyage vous prot\u00e8ge des impr\u00e9vus de votre s\u00e9jour : annulation, perte de bagages, hospitalisation, ou assistance m\u00e9dicale d\u2019urgence. Choisissez votre type d\u2019assurance (Schengen, Afrique ou Reste du Monde) et la dur\u00e9e de votre s\u00e9jour pour obtenir la meilleure couverture possible. En cas de refus de visa, un remboursement de 50 % est possible sous conditions (48h avant la prise d\u2019effet du contrat).<\/p>\n","protected":false},"excerpt":{"rendered":"<p>L\u2019assurance voyage vous prot\u00e8ge des impr\u00e9vus de votre s\u00e9jour :  [&#8230;]<\/p>\n","protected":false},"featured_media":9157,"comment_status":"open","ping_status":"closed","template":"","meta":[],"product_brand":[290],"product_cat":[246],"product_tag":[292,293,291],"class_list":{"0":"post-9104","1":"product","2":"type-product","3":"status-publish","4":"has-post-thumbnail","6":"product_brand-voyage","7":"product_cat-voyages-reservations","8":"product_tag-afrique","9":"product_tag-reste-du-monde","10":"product_tag-schengen","12":"first","13":"instock","14":"taxable","15":"shipping-taxable","16":"purchasable","17":"product-type-variable"},"jetpack_sharing_enabled":true,"_links":{"self":[{"href":"https:\/\/safabhe.com\/voyages\/wp-json\/wp\/v2\/product\/9104","targetHints":{"allow":["GET"]}}],"collection":[{"href":"https:\/\/safabhe.com\/voyages\/wp-json\/wp\/v2\/product"}],"about":[{"href":"https:\/\/safabhe.com\/voyages\/wp-json\/wp\/v2\/types\/product"}],"replies":[{"embeddable":true,"href":"https:\/\/safabhe.com\/voyages\/wp-json\/wp\/v2\/comments?post=9104"}],"wp:featuredmedia":[{"embeddable":true,"href":"https:\/\/safabhe.com\/voyages\/wp-json\/wp\/v2\/media\/9157"}],"wp:attachment":[{"href":"https:\/\/safabhe.com\/voyages\/wp-json\/wp\/v2\/media?parent=9104"}],"wp:term":[{"taxonomy":"product_brand","embeddable":true,"href":"https:\/\/safabhe.com\/voyages\/wp-json\/wp\/v2\/product_brand?post=9104"},{"taxonomy":"product_cat","embeddable":true,"href":"https:\/\/safabhe.com\/voyages\/wp-json\/wp\/v2\/product_cat?post=9104"},{"taxonomy":"product_tag","embeddable":true,"href":"https:\/\/safabhe.com\/voyages\/wp-json\/wp\/v2\/product_tag?post=9104"}],"curies":[{"name":"wp","href":"https:\/\/api.w.org\/{rel}","templated":true}]}}