{"id":9067,"date":"2025-10-06T12:30:24","date_gmt":"2025-10-06T12:30:24","guid":{"rendered":"https:\/\/safabhe.com\/voyages\/?post_type=product&#038;p=9067"},"modified":"2025-12-07T17:43:11","modified_gmt":"2025-12-07T17:43:11","slug":"transport-de-colis-senegal-%e2%86%94-europe","status":"publish","type":"product","link":"https:\/\/safabhe.com\/voyages\/produit\/transport-de-colis-senegal-%e2%86%94-europe\/","title":{"rendered":"Transport de colis \u2013 S\u00e9n\u00e9gal \u2194 Europe"},"content":{"rendered":"<p data-start=\"674\" data-end=\"925\">Safabhe Voyages vous propose un service fiable de transport de colis entre le S\u00e9n\u00e9gal et l\u2019Europe. Nos envois sont g\u00e9r\u00e9s depuis nos agences \u00e0 Dakar, Paris et Bruxelles. Les tarifs varient selon le poids, la nature du colis et la destination.<\/p>\n<p data-start=\"932\" data-end=\"967\">\u2708\ufe0f <strong data-start=\"935\" data-end=\"965\">Destinations disponibles :<\/strong><\/p>\n<ul data-start=\"970\" data-end=\"1015\">\n<li data-start=\"970\" data-end=\"987\">\n<p data-start=\"972\" data-end=\"987\">Dakar \u2194 Paris<\/p>\n<\/li>\n<li data-start=\"990\" data-end=\"1011\">\n<p data-start=\"992\" data-end=\"1011\">Dakar \u2194 Bruxelles<\/p>\n<\/li>\n<\/ul>\n<p data-start=\"1018\" data-end=\"1058\">\ud83d\udcbc <strong data-start=\"1021\" data-end=\"1056\">Types de colis pris en charge :<\/strong><\/p>\n<ul data-start=\"1061\" data-end=\"1171\">\n<li data-start=\"1061\" data-end=\"1077\">\n<p data-start=\"1063\" data-end=\"1077\">Petits colis<\/p>\n<\/li>\n<li data-start=\"1080\" data-end=\"1093\">\n<p data-start=\"1082\" data-end=\"1093\">Documents<\/p>\n<\/li>\n<li data-start=\"1096\" data-end=\"1123\">\n<p data-start=\"1098\" data-end=\"1123\">Appareils \u00e9lectroniques<\/p>\n<\/li>\n<li data-start=\"1126\" data-end=\"1167\">\n<p data-start=\"1128\" data-end=\"1167\">Autres colis (\u00e0 d\u00e9finir selon le cas)<\/p>\n<\/li>\n<\/ul>\n<p data-start=\"1174\" data-end=\"1224\">Un service rapide, fiable et adapt\u00e9 \u00e0 vos besoins.<\/p>\n","protected":false},"excerpt":{"rendered":"<p>Exp\u00e9diez vos colis entre le S\u00e9n\u00e9gal et l\u2019Europe (Paris et Bruxelles) en toute s\u00e9curit\u00e9 avec Safabhe Voyages. Tarifs adapt\u00e9s selon le poids et le type de colis.<\/p>\n","protected":false},"featured_media":9097,"comment_status":"open","ping_status":"closed","template":"","meta":[],"product_brand":[278],"product_cat":[247],"product_tag":[289,279,288],"class_list":{"0":"post-9067","1":"product","2":"type-product","3":"status-publish","4":"has-post-thumbnail","6":"product_brand-transport","7":"product_cat-transport-logistique","8":"product_tag-bruxelles","9":"product_tag-dakar","10":"product_tag-paris","12":"first","13":"instock","14":"taxable","15":"shipping-taxable","16":"purchasable","17":"product-type-variable"},"jetpack_sharing_enabled":true,"_links":{"self":[{"href":"https:\/\/safabhe.com\/voyages\/wp-json\/wp\/v2\/product\/9067","targetHints":{"allow":["GET"]}}],"collection":[{"href":"https:\/\/safabhe.com\/voyages\/wp-json\/wp\/v2\/product"}],"about":[{"href":"https:\/\/safabhe.com\/voyages\/wp-json\/wp\/v2\/types\/product"}],"replies":[{"embeddable":true,"href":"https:\/\/safabhe.com\/voyages\/wp-json\/wp\/v2\/comments?post=9067"}],"wp:featuredmedia":[{"embeddable":true,"href":"https:\/\/safabhe.com\/voyages\/wp-json\/wp\/v2\/media\/9097"}],"wp:attachment":[{"href":"https:\/\/safabhe.com\/voyages\/wp-json\/wp\/v2\/media?parent=9067"}],"wp:term":[{"taxonomy":"product_brand","embeddable":true,"href":"https:\/\/safabhe.com\/voyages\/wp-json\/wp\/v2\/product_brand?post=9067"},{"taxonomy":"product_cat","embeddable":true,"href":"https:\/\/safabhe.com\/voyages\/wp-json\/wp\/v2\/product_cat?post=9067"},{"taxonomy":"product_tag","embeddable":true,"href":"https:\/\/safabhe.com\/voyages\/wp-json\/wp\/v2\/product_tag?post=9067"}],"curies":[{"name":"wp","href":"https:\/\/api.w.org\/{rel}","templated":true}]}}