{"id":9048,"date":"2025-09-26T17:03:20","date_gmt":"2025-09-26T17:03:20","guid":{"rendered":"https:\/\/safabhe.com\/voyages\/?post_type=product&#038;p=9048"},"modified":"2025-12-07T17:40:08","modified_gmt":"2025-12-07T17:40:08","slug":"vehicule-de-transport","status":"publish","type":"product","link":"https:\/\/safabhe.com\/voyages\/produit\/vehicule-de-transport\/","title":{"rendered":"V\u00e9hicule de transport"},"content":{"rendered":"<p data-start=\"200\" data-end=\"342\">Safabhe Voyages vous propose des <strong data-start=\"233\" data-end=\"286\">transferts a\u00e9roportuaires fiables et confortables<\/strong> avec des v\u00e9hicules climatis\u00e9s adapt\u00e9s \u00e0 vos besoins :<\/p>\n<ul data-start=\"344\" data-end=\"514\">\n<li data-start=\"344\" data-end=\"394\">\n<p data-start=\"346\" data-end=\"394\">\ud83d\ude97 <strong data-start=\"349\" data-end=\"369\">Voiture 4 places<\/strong> : pratique et discr\u00e8te<\/p>\n<\/li>\n<li data-start=\"395\" data-end=\"455\">\n<p data-start=\"397\" data-end=\"455\">\ud83d\ude90 <strong data-start=\"400\" data-end=\"421\">Minibus 14 places<\/strong> : id\u00e9al pour les petits groupes<\/p>\n<\/li>\n<li data-start=\"456\" data-end=\"514\">\n<p data-start=\"458\" data-end=\"514\">\ud83d\ude8c <strong data-start=\"461\" data-end=\"478\">Bus 35 places<\/strong> : parfait pour les grands groupes<\/p>\n<\/li>\n<\/ul>\n<p data-start=\"516\" data-end=\"675\">\ud83d\udd04 Transferts disponibles en <strong data-start=\"545\" data-end=\"554\">priv\u00e9<\/strong> ou <strong data-start=\"558\" data-end=\"569\">partag\u00e9<\/strong> selon les arriv\u00e9es.<br data-start=\"589\" data-end=\"592\" \/>\ud83c\udf10 Services inclus : Wi-Fi \u00e0 bord, assistance bagages, chauffeurs professionnels.<\/p>\n","protected":false},"excerpt":{"rendered":"<p>R\u00e9servez votre transfert a\u00e9roportuaire en toute s\u00e9r\u00e9nit\u00e9<br data-start=\"1196\" data-end=\"1199\" \/>Tous nos v\u00e9hicules sont climatis\u00e9s, \u00e9quip\u00e9s du Wi-Fi et accompagn\u00e9s d\u2019une assistance pour vos bagages. Choisissez le type de v\u00e9hicule et le mode de transfert (priv\u00e9 ou partag\u00e9) selon vos besoins.<\/p>\n","protected":false},"featured_media":9058,"comment_status":"open","ping_status":"closed","template":"","meta":[],"product_brand":[278],"product_cat":[247],"product_tag":[254,253],"class_list":{"0":"post-9048","1":"product","2":"type-product","3":"status-publish","4":"has-post-thumbnail","6":"product_brand-transport","7":"product_cat-transport-logistique","8":"product_tag-gn","9":"product_tag-sn","11":"first","12":"instock","13":"taxable","14":"shipping-taxable","15":"purchasable","16":"product-type-variable"},"jetpack_sharing_enabled":true,"_links":{"self":[{"href":"https:\/\/safabhe.com\/voyages\/wp-json\/wp\/v2\/product\/9048","targetHints":{"allow":["GET"]}}],"collection":[{"href":"https:\/\/safabhe.com\/voyages\/wp-json\/wp\/v2\/product"}],"about":[{"href":"https:\/\/safabhe.com\/voyages\/wp-json\/wp\/v2\/types\/product"}],"replies":[{"embeddable":true,"href":"https:\/\/safabhe.com\/voyages\/wp-json\/wp\/v2\/comments?post=9048"}],"wp:featuredmedia":[{"embeddable":true,"href":"https:\/\/safabhe.com\/voyages\/wp-json\/wp\/v2\/media\/9058"}],"wp:attachment":[{"href":"https:\/\/safabhe.com\/voyages\/wp-json\/wp\/v2\/media?parent=9048"}],"wp:term":[{"taxonomy":"product_brand","embeddable":true,"href":"https:\/\/safabhe.com\/voyages\/wp-json\/wp\/v2\/product_brand?post=9048"},{"taxonomy":"product_cat","embeddable":true,"href":"https:\/\/safabhe.com\/voyages\/wp-json\/wp\/v2\/product_cat?post=9048"},{"taxonomy":"product_tag","embeddable":true,"href":"https:\/\/safabhe.com\/voyages\/wp-json\/wp\/v2\/product_tag?post=9048"}],"curies":[{"name":"wp","href":"https:\/\/api.w.org\/{rel}","templated":true}]}}