{"id":9039,"date":"2025-09-26T16:25:47","date_gmt":"2025-09-26T16:25:47","guid":{"rendered":"https:\/\/safabhe.com\/voyages\/?post_type=product&#038;p=9039"},"modified":"2025-12-07T17:38:58","modified_gmt":"2025-12-07T17:38:58","slug":"transfert-aeroportuaire-guinee","status":"publish","type":"product","link":"https:\/\/safabhe.com\/voyages\/produit\/transfert-aeroportuaire-guinee\/","title":{"rendered":"Transfert a\u00e9roportuaire \u2013 Guin\u00e9e"},"content":{"rendered":"<p data-start=\"639\" data-end=\"895\">Voyagez l\u2019esprit tranquille avec notre service de transfert a\u00e9roportuaire en Guin\u00e9e.<br data-start=\"748\" data-end=\"751\" \/>Que vous arriviez \u00e0 l\u2019A\u00e9roport International Gbessia ou que vous partiez de votre domicile pour rejoindre l\u2019a\u00e9roport, nous vous garantissons :<\/p>\n<ul data-start=\"896\" data-end=\"1188\">\n<li data-start=\"896\" data-end=\"957\">\n<p data-start=\"898\" data-end=\"957\">\u2705 Un service priv\u00e9 et ponctuel, disponible 24h\/24 et 7j\/7<\/p>\n<\/li>\n<li data-start=\"958\" data-end=\"1024\">\n<p data-start=\"960\" data-end=\"1024\">\u2705 Des prix fixes et transparents (pas de surprise \u00e0 l\u2019arriv\u00e9e)<\/p>\n<\/li>\n<li data-start=\"1025\" data-end=\"1092\">\n<p data-start=\"1027\" data-end=\"1092\">\u2705 Un confort optimal pour vos trajets vers ou depuis l\u2019a\u00e9roport<\/p>\n<\/li>\n<li data-start=\"1093\" data-end=\"1188\">\n<p data-start=\"1095\" data-end=\"1188\">\u2705 Une \u00e9quipe professionnelle qui vous prend en charge d\u00e8s votre arriv\u00e9e ou \u00e0 votre domicile<\/p>\n<\/li>\n<\/ul>\n<p data-start=\"1190\" data-end=\"1248\">Nos transferts sont disponibles <strong data-start=\"1222\" data-end=\"1244\">dans les deux sens<\/strong><\/p>\n","protected":false},"excerpt":{"rendered":"<p>R\u00e9servez votre transfert priv\u00e9 et s\u00e9curis\u00e9 entre l\u2019A\u00e9roport International Gbessia et les principaux quartiers de Conakry.<br data-start=\"508\" data-end=\"511\" \/>Nos chauffeurs professionnels assurent vos d\u00e9placements \u00e0 l\u2019aller comme au retour, avec un confort optimal et un tarif fixe.<\/p>\n","protected":false},"featured_media":9047,"comment_status":"open","ping_status":"closed","template":"","meta":[],"product_brand":[278],"product_cat":[247],"product_tag":[284,281,285,282,283,286,287],"class_list":{"0":"post-9039","1":"product","2":"type-product","3":"status-publish","4":"has-post-thumbnail","6":"product_brand-transport","7":"product_cat-transport-logistique","8":"product_tag-dixin","9":"product_tag-gbessia","10":"product_tag-hamdallaye","11":"product_tag-kaloum","12":"product_tag-kipe","13":"product_tag-lambanya","14":"product_tag-sonfonia","16":"first","17":"instock","18":"taxable","19":"shipping-taxable","20":"purchasable","21":"product-type-variable"},"jetpack_sharing_enabled":true,"_links":{"self":[{"href":"https:\/\/safabhe.com\/voyages\/wp-json\/wp\/v2\/product\/9039","targetHints":{"allow":["GET"]}}],"collection":[{"href":"https:\/\/safabhe.com\/voyages\/wp-json\/wp\/v2\/product"}],"about":[{"href":"https:\/\/safabhe.com\/voyages\/wp-json\/wp\/v2\/types\/product"}],"replies":[{"embeddable":true,"href":"https:\/\/safabhe.com\/voyages\/wp-json\/wp\/v2\/comments?post=9039"}],"wp:featuredmedia":[{"embeddable":true,"href":"https:\/\/safabhe.com\/voyages\/wp-json\/wp\/v2\/media\/9047"}],"wp:attachment":[{"href":"https:\/\/safabhe.com\/voyages\/wp-json\/wp\/v2\/media?parent=9039"}],"wp:term":[{"taxonomy":"product_brand","embeddable":true,"href":"https:\/\/safabhe.com\/voyages\/wp-json\/wp\/v2\/product_brand?post=9039"},{"taxonomy":"product_cat","embeddable":true,"href":"https:\/\/safabhe.com\/voyages\/wp-json\/wp\/v2\/product_cat?post=9039"},{"taxonomy":"product_tag","embeddable":true,"href":"https:\/\/safabhe.com\/voyages\/wp-json\/wp\/v2\/product_tag?post=9039"}],"curies":[{"name":"wp","href":"https:\/\/api.w.org\/{rel}","templated":true}]}}