{"id":9022,"date":"2025-09-25T16:27:06","date_gmt":"2025-09-25T16:27:06","guid":{"rendered":"https:\/\/safabhe.com\/voyages\/?post_type=product&#038;p=9022"},"modified":"2025-12-31T20:21:35","modified_gmt":"2025-12-31T20:21:35","slug":"transfert-aeroportuaire-senegal-aibd-%e2%87%86-dakar","status":"publish","type":"product","link":"https:\/\/safabhe.com\/voyages\/produit\/transfert-aeroportuaire-senegal-aibd-%e2%87%86-dakar\/","title":{"rendered":"Transfert a\u00e9roportuaire \u2013 S\u00e9n\u00e9gal (AIBD \u21c6 Dakar)"},"content":{"rendered":"<p data-start=\"630\" data-end=\"773\">D\u00e9couvrez le confort et la tranquillit\u00e9 de voyager avec <strong data-start=\"686\" data-end=\"705\">Safabhe Voyages<\/strong>, gr\u00e2ce \u00e0 notre service de <strong data-start=\"732\" data-end=\"770\">transfert a\u00e9roportuaire au S\u00e9n\u00e9gal<\/strong>.<\/p>\n<p data-start=\"775\" data-end=\"836\">Nous vous proposons un transport fiable et ponctuel entre :<\/p>\n<ul data-start=\"837\" data-end=\"956\">\n<li data-start=\"837\" data-end=\"896\">\n<p data-start=\"839\" data-end=\"896\"><strong data-start=\"839\" data-end=\"894\">A\u00e9roport International Blaise Diagne (AIBD) \u2192 Dakar<\/strong><\/p>\n<\/li>\n<li data-start=\"897\" data-end=\"956\">\n<p data-start=\"899\" data-end=\"956\"><strong data-start=\"899\" data-end=\"954\">Dakar \u2192 A\u00e9roport International Blaise Diagne (AIBD)<\/strong><\/p>\n<\/li>\n<\/ul>\n<p data-start=\"958\" data-end=\"1043\"><strong data-start=\"961\" data-end=\"1009\">Tarif unique et comp\u00e9titif : 40 \u20ac par trajet<\/strong> (m\u00eame prix dans les deux sens).<\/p>\n<p data-start=\"1045\" data-end=\"1300\"><strong data-start=\"1045\" data-end=\"1081\">Pourquoi choisir notre service ?<\/strong><br data-start=\"1081\" data-end=\"1084\" \/>\u2714\ufe0f V\u00e9hicules confortables et climatis\u00e9s<br data-start=\"1123\" data-end=\"1126\" \/>\u2714\ufe0f Chauffeurs professionnels et exp\u00e9riment\u00e9s<br data-start=\"1170\" data-end=\"1173\" \/>\u2714\ufe0f Accueil personnalis\u00e9 \u00e0 l\u2019a\u00e9roport ou prise en charge \u00e0 domicile<br data-start=\"1239\" data-end=\"1242\" \/>\u2714\ufe0f Service disponible 7j\/7, adapt\u00e9 \u00e0 vos horaires de vol<\/p>\n<p data-start=\"1302\" data-end=\"1425\">Avec <strong data-start=\"1307\" data-end=\"1326\">Safabhe Voyages<\/strong>, oubliez le stress des d\u00e9placements et commencez ou terminez votre voyage en toute tranquillit\u00e9.<\/p>\n","protected":false},"excerpt":{"rendered":"<p>Voyagez en toute s\u00e9r\u00e9nit\u00e9 avec notre service de transfert priv\u00e9 entre l\u2019a\u00e9roport international Blaise Diagne (AIBD) et Dakar.<br data-start=\"477\" data-end=\"480\" \/>Prix fixe et transparent : <strong data-start=\"507\" data-end=\"549\">40 \u20ac par trajet, quel que soit le sens<\/strong>.<\/p>\n","protected":false},"featured_media":9025,"comment_status":"open","ping_status":"closed","template":"","meta":[],"product_brand":[278],"product_cat":[247],"product_tag":[280,279],"class_list":{"0":"post-9022","1":"product","2":"type-product","3":"status-publish","4":"has-post-thumbnail","6":"product_brand-transport","7":"product_cat-transport-logistique","8":"product_tag-aibd","9":"product_tag-dakar","11":"first","12":"instock","13":"taxable","14":"shipping-taxable","15":"purchasable","16":"product-type-variable"},"jetpack_sharing_enabled":true,"_links":{"self":[{"href":"https:\/\/safabhe.com\/voyages\/wp-json\/wp\/v2\/product\/9022","targetHints":{"allow":["GET"]}}],"collection":[{"href":"https:\/\/safabhe.com\/voyages\/wp-json\/wp\/v2\/product"}],"about":[{"href":"https:\/\/safabhe.com\/voyages\/wp-json\/wp\/v2\/types\/product"}],"replies":[{"embeddable":true,"href":"https:\/\/safabhe.com\/voyages\/wp-json\/wp\/v2\/comments?post=9022"}],"wp:featuredmedia":[{"embeddable":true,"href":"https:\/\/safabhe.com\/voyages\/wp-json\/wp\/v2\/media\/9025"}],"wp:attachment":[{"href":"https:\/\/safabhe.com\/voyages\/wp-json\/wp\/v2\/media?parent=9022"}],"wp:term":[{"taxonomy":"product_brand","embeddable":true,"href":"https:\/\/safabhe.com\/voyages\/wp-json\/wp\/v2\/product_brand?post=9022"},{"taxonomy":"product_cat","embeddable":true,"href":"https:\/\/safabhe.com\/voyages\/wp-json\/wp\/v2\/product_cat?post=9022"},{"taxonomy":"product_tag","embeddable":true,"href":"https:\/\/safabhe.com\/voyages\/wp-json\/wp\/v2\/product_tag?post=9022"}],"curies":[{"name":"wp","href":"https:\/\/api.w.org\/{rel}","templated":true}]}}