{"id":8296,"date":"2025-05-10T18:37:17","date_gmt":"2025-05-10T18:37:17","guid":{"rendered":"https:\/\/safabhe.com\/voyages\/?post_type=product&#038;p=8296"},"modified":"2026-03-06T22:23:32","modified_gmt":"2026-03-06T22:23:32","slug":"evasion-bandia-somone","status":"publish","type":"product","link":"https:\/\/safabhe.com\/voyages\/produit\/evasion-bandia-somone\/","title":{"rendered":"\u00c9vasion : Bandia \u2013 Somone"},"content":{"rendered":"<h3 style=\"text-align: center;\">Les sites \u00e0 visiter<\/h3>\n<div class=\"fusion-tabs fusion-tabs-1 classic nav-is-justified horizontal-tabs icon-position-left mobile-mode-accordion\" style=\"--awb-title-border-radius-top-left:0px;--awb-title-border-radius-top-right:0px;--awb-title-border-radius-bottom-right:0px;--awb-title-border-radius-bottom-left:0px;--awb-title-font-size:16px;--awb-alignment:start;--awb-inactive-color:var(--awb-color2);--awb-background-color:var(--awb-color1);--awb-border-color:var(--awb-color3);--awb-active-border-color:var(--awb-color4);\"><div class=\"nav\"><ul class=\"nav-tabs nav-justified\" role=\"tablist\"><li class=\"active\" role=\"presentation\"><a class=\"tab-link\" data-toggle=\"tab\" role=\"tab\" aria-controls=\"tab-59ffe2dd77706f26d33\" aria-selected=\"true\" id=\"fusion-tab-\ud83e\udd93r\u00e9servedebandia\u2013les\u00e9n\u00e9galversionsafari\" href=\"#tab-59ffe2dd77706f26d33\"><h4 class=\"fusion-tab-heading\">\ud83e\udd93 R\u00e9serve de Bandia \u2013 Le S\u00e9n\u00e9gal version Safari<\/h4><\/a><\/li><li role=\"presentation\"><a class=\"tab-link\" data-toggle=\"tab\" role=\"tab\" aria-controls=\"tab-7af5861e4c5a61cfc67\" aria-selected=\"false\" tabindex=\"-1\" id=\"fusion-tab-\ud83c\udf3flagunedelasomone\u2013tranquillit\u00e9etbiodiversit\u00e9\" href=\"#tab-7af5861e4c5a61cfc67\"><h4 class=\"fusion-tab-heading\">\ud83c\udf3f Lagune de la Somone \u2013 Tranquillit\u00e9 et biodiversit\u00e9 <\/h4><\/a><\/li><\/ul><\/div><div class=\"tab-content\"><div class=\"nav fusion-mobile-tab-nav\"><ul class=\"nav-tabs nav-justified\" role=\"tablist\"><li class=\"active\" role=\"presentation\"><a class=\"tab-link\" data-toggle=\"tab\" role=\"tab\" aria-controls=\"tab-59ffe2dd77706f26d33\" aria-selected=\"true\" id=\"mobile-fusion-tab-\ud83e\udd93r\u00e9servedebandia\u2013les\u00e9n\u00e9galversionsafari\" href=\"#tab-59ffe2dd77706f26d33\"><h4 class=\"fusion-tab-heading\">\ud83e\udd93 R\u00e9serve de Bandia \u2013 Le S\u00e9n\u00e9gal version Safari<\/h4><\/a><\/li><\/ul><\/div><div class=\"tab-pane fade fusion-clearfix in active\" role=\"tabpanel\" tabindex=\"0\" aria-labelledby=\"fusion-tab-\ud83e\udd93r\u00e9servedebandia\u2013les\u00e9n\u00e9galversionsafari\" id=\"tab-59ffe2dd77706f26d33\"><\/p>\n<p><img decoding=\"async\" class=\"lazyload alignnone wp-image-8299 \" src=\"https:\/\/safabhe.com\/voyages\/wp-content\/uploads\/2025\/05\/reserve-de-Bandia.jpg\" data-orig-src=\"https:\/\/safabhe.com\/voyages\/wp-content\/uploads\/2025\/05\/reserve-de-Bandia.jpg\" alt=\"\" width=\"242\" height=\"200\" srcset=\"data:image\/svg+xml,%3Csvg%20xmlns%3D%27http%3A%2F%2Fwww.w3.org%2F2000%2Fsvg%27%20width%3D%27242%27%20height%3D%27200%27%20viewBox%3D%270%200%20242%20200%27%3E%3Crect%20width%3D%27242%27%20height%3D%27200%27%20fill-opacity%3D%220%22%2F%3E%3C%2Fsvg%3E\" data-srcset=\"https:\/\/safabhe.com\/voyages\/wp-content\/uploads\/2025\/05\/reserve-de-Bandia-200x165.jpg 200w, https:\/\/safabhe.com\/voyages\/wp-content\/uploads\/2025\/05\/reserve-de-Bandia-300x248.jpg 300w, https:\/\/safabhe.com\/voyages\/wp-content\/uploads\/2025\/05\/reserve-de-Bandia-400x331.jpg 400w, https:\/\/safabhe.com\/voyages\/wp-content\/uploads\/2025\/05\/reserve-de-Bandia-600x496.jpg 600w, https:\/\/safabhe.com\/voyages\/wp-content\/uploads\/2025\/05\/reserve-de-Bandia-700x579.jpg 700w, https:\/\/safabhe.com\/voyages\/wp-content\/uploads\/2025\/05\/reserve-de-Bandia.jpg 736w\" data-sizes=\"auto\" data-orig-sizes=\"(max-width: 242px) 100vw, 242px\" \/><\/p>\n<p>\u00c0 une heure de Dakar, la r\u00e9serve de Bandia est un espace prot\u00e9g\u00e9 o\u00f9 l&rsquo;on peut observer de pr\u00e8s girafes, rhinoc\u00e9ros, z\u00e8bres, antilopes, buffles, autruches et bien d&rsquo;autres esp\u00e8ces. Le tout dans un environnement naturel, accessible en v\u00e9hicule tout-terrain avec un guide exp\u00e9riment\u00e9. Une exp\u00e9rience unique pour les passionn\u00e9s d\u2019animaux et de grands espaces.<\/p>\n<p><\/div><div class=\"nav fusion-mobile-tab-nav\"><ul class=\"nav-tabs nav-justified\" role=\"tablist\"><li role=\"presentation\"><a class=\"tab-link\" data-toggle=\"tab\" role=\"tab\" aria-controls=\"tab-7af5861e4c5a61cfc67\" aria-selected=\"false\" tabindex=\"-1\" id=\"mobile-fusion-tab-\ud83c\udf3flagunedelasomone\u2013tranquillit\u00e9etbiodiversit\u00e9\" href=\"#tab-7af5861e4c5a61cfc67\"><h4 class=\"fusion-tab-heading\">\ud83c\udf3f Lagune de la Somone \u2013 Tranquillit\u00e9 et biodiversit\u00e9 <\/h4><\/a><\/li><\/ul><\/div><div class=\"tab-pane fade fusion-clearfix\" role=\"tabpanel\" tabindex=\"0\" aria-labelledby=\"fusion-tab-\ud83c\udf3flagunedelasomone\u2013tranquillit\u00e9etbiodiversit\u00e9\" id=\"tab-7af5861e4c5a61cfc67\"><\/p>\n<p><img decoding=\"async\" class=\"lazyload alignnone wp-image-7511 \" src=\"https:\/\/safabhe.com\/voyages\/wp-content\/uploads\/2022\/06\/aerial-4812430_640.jpg\" data-orig-src=\"https:\/\/safabhe.com\/voyages\/wp-content\/uploads\/2022\/06\/aerial-4812430_640.jpg\" alt=\"\" width=\"225\" height=\"225\" srcset=\"data:image\/svg+xml,%3Csvg%20xmlns%3D%27http%3A%2F%2Fwww.w3.org%2F2000%2Fsvg%27%20width%3D%27225%27%20height%3D%27225%27%20viewBox%3D%270%200%20225%20225%27%3E%3Crect%20width%3D%27225%27%20height%3D%27225%27%20fill-opacity%3D%220%22%2F%3E%3C%2Fsvg%3E\" data-srcset=\"https:\/\/safabhe.com\/voyages\/wp-content\/uploads\/2022\/06\/aerial-4812430_640-66x66.jpg 66w, https:\/\/safabhe.com\/voyages\/wp-content\/uploads\/2022\/06\/aerial-4812430_640-150x150.jpg 150w, https:\/\/safabhe.com\/voyages\/wp-content\/uploads\/2022\/06\/aerial-4812430_640-200x200.jpg 200w, https:\/\/safabhe.com\/voyages\/wp-content\/uploads\/2022\/06\/aerial-4812430_640-300x300.jpg 300w, https:\/\/safabhe.com\/voyages\/wp-content\/uploads\/2022\/06\/aerial-4812430_640-400x400.jpg 400w, https:\/\/safabhe.com\/voyages\/wp-content\/uploads\/2022\/06\/aerial-4812430_640-600x600.jpg 600w, https:\/\/safabhe.com\/voyages\/wp-content\/uploads\/2022\/06\/aerial-4812430_640.jpg 640w\" data-sizes=\"auto\" data-orig-sizes=\"(max-width: 225px) 100vw, 225px\" \/><\/p>\n<p>Class\u00e9e aire marine prot\u00e9g\u00e9e, la Lagune de la Somone est un paradis \u00e9cologique. \u00c0 bord d\u2019une pirogue, vous traversez une mangrove paisible peupl\u00e9e de p\u00e9licans, crabes, baobabs nains et oiseaux migrateurs. Une immersion en pleine nature, id\u00e9ale pour les amateurs de p\u00eache, d\u2019ornithologie ou tout simplement de s\u00e9r\u00e9nit\u00e9.<\/p>\n<p>&nbsp;<\/p>\n<p><\/div><\/div><\/div>\n","protected":false},"excerpt":{"rendered":"<p>Plongez dans la beaut\u00e9 naturelle du S\u00e9n\u00e9gal avec une journ\u00e9e entre <strong data-start=\"332\" data-end=\"360\">safari africain \u00e0 Bandia<\/strong> et <strong data-start=\"364\" data-end=\"407\">balade paisible sur la lagune de Somone<\/strong>. Un combin\u00e9 parfait entre aventure, nature et d\u00e9paysement total.<\/p>\n","protected":false},"featured_media":8301,"comment_status":"open","ping_status":"closed","template":"","meta":[],"product_brand":[252],"product_cat":[214],"product_tag":[253,251],"class_list":{"0":"post-8296","1":"product","2":"type-product","3":"status-publish","4":"has-post-thumbnail","6":"product_brand-tourisme","7":"product_cat-circuit-senegal","8":"product_tag-sn","9":"product_tag-une-journee","11":"first","12":"instock","13":"taxable","14":"shipping-taxable","15":"purchasable","16":"product-type-variable"},"jetpack_sharing_enabled":true,"_links":{"self":[{"href":"https:\/\/safabhe.com\/voyages\/wp-json\/wp\/v2\/product\/8296","targetHints":{"allow":["GET"]}}],"collection":[{"href":"https:\/\/safabhe.com\/voyages\/wp-json\/wp\/v2\/product"}],"about":[{"href":"https:\/\/safabhe.com\/voyages\/wp-json\/wp\/v2\/types\/product"}],"replies":[{"embeddable":true,"href":"https:\/\/safabhe.com\/voyages\/wp-json\/wp\/v2\/comments?post=8296"}],"wp:featuredmedia":[{"embeddable":true,"href":"https:\/\/safabhe.com\/voyages\/wp-json\/wp\/v2\/media\/8301"}],"wp:attachment":[{"href":"https:\/\/safabhe.com\/voyages\/wp-json\/wp\/v2\/media?parent=8296"}],"wp:term":[{"taxonomy":"product_brand","embeddable":true,"href":"https:\/\/safabhe.com\/voyages\/wp-json\/wp\/v2\/product_brand?post=8296"},{"taxonomy":"product_cat","embeddable":true,"href":"https:\/\/safabhe.com\/voyages\/wp-json\/wp\/v2\/product_cat?post=8296"},{"taxonomy":"product_tag","embeddable":true,"href":"https:\/\/safabhe.com\/voyages\/wp-json\/wp\/v2\/product_tag?post=8296"}],"curies":[{"name":"wp","href":"https:\/\/api.w.org\/{rel}","templated":true}]}}