{"id":252,"date":"2022-06-15T12:54:58","date_gmt":"2022-06-15T12:54:58","guid":{"rendered":"https:\/\/avadawebsites.wpengine.com\/tour-operator\/?post_type=product&#038;p=252"},"modified":"2026-03-22T13:07:19","modified_gmt":"2026-03-22T13:07:19","slug":"plateau-tour","status":"publish","type":"product","link":"https:\/\/safabhe.com\/voyages\/produit\/plateau-tour\/","title":{"rendered":"Au c\u0153ur du Plateau"},"content":{"rendered":"<h3 style=\"text-align: center;\">Les sites \u00e0 visiter<\/h3>\n<div class=\"fusion-tabs fusion-tabs-1 classic nav-is-justified horizontal-tabs icon-position-left mobile-mode-accordion\" style=\"--awb-title-border-radius-top-left:0px;--awb-title-border-radius-top-right:0px;--awb-title-border-radius-bottom-right:0px;--awb-title-border-radius-bottom-left:0px;--awb-title-font-size:16px;--awb-alignment:start;--awb-inactive-color:var(--awb-color2);--awb-background-color:var(--awb-color1);--awb-border-color:var(--awb-color3);--awb-active-border-color:var(--awb-color4);\"><div class=\"nav\"><ul class=\"nav-tabs nav-justified\" role=\"tablist\"><li class=\"active\" role=\"presentation\"><a class=\"tab-link\" data-toggle=\"tab\" role=\"tab\" aria-controls=\"tab-1ef9c9e7adf9d975876\" aria-selected=\"true\" id=\"fusion-tab-\ud83c\udfdd\ufe0fl\u2019\u00celedegor\u00e9e\u2013unem\u00e9moirevivante\" href=\"#tab-1ef9c9e7adf9d975876\"><h4 class=\"fusion-tab-heading\">\ud83c\udfdd\ufe0f L\u2019\u00cele de Gor\u00e9e \u2013 Une M\u00e9moire vivante<\/h4><\/a><\/li><li role=\"presentation\"><a class=\"tab-link\" data-toggle=\"tab\" role=\"tab\" aria-controls=\"tab-a5535fa8ba5ba2ffb28\" aria-selected=\"false\" tabindex=\"-1\" id=\"fusion-tab-\u26ealacath\u00e9draledusouvenirafricain\u2013dakar\" href=\"#tab-a5535fa8ba5ba2ffb28\"><h4 class=\"fusion-tab-heading\">\u26ea La Cath\u00e9drale du Souvenir Africain \u2013 Dakar<\/h4><\/a><\/li><li role=\"presentation\"><a class=\"tab-link\" data-toggle=\"tab\" role=\"tab\" aria-controls=\"tab-ecd4e4b120e0821a36c\" aria-selected=\"false\" tabindex=\"-1\" id=\"fusion-tab-\ud83c\udfdb\ufe0flepalaisdelar\u00e9publique\u2013dakar\" href=\"#tab-ecd4e4b120e0821a36c\"><h4 class=\"fusion-tab-heading\">\ud83c\udfdb\ufe0f Le Palais de la R\u00e9publique \u2013 Dakar<\/h4><\/a><\/li><li role=\"presentation\"><a class=\"tab-link\" data-toggle=\"tab\" role=\"tab\" aria-controls=\"tab-95a50b62cb27f99b25e\" aria-selected=\"false\" tabindex=\"-1\" id=\"fusion-tab-\ud83d\udecd\ufe0flemarch\u00e9kermel\u2013l\u2019\u00e2mecommer\u00e7antededakar\" href=\"#tab-95a50b62cb27f99b25e\"><h4 class=\"fusion-tab-heading\">\ud83d\udecd\ufe0f Le March\u00e9 Kermel \u2013 L\u2019\u00e2me commer\u00e7ante de Dakar<\/h4><\/a><\/li><li role=\"presentation\"><a class=\"tab-link\" data-toggle=\"tab\" role=\"tab\" aria-controls=\"tab-8721f87556a4d9ceb12\" aria-selected=\"false\" tabindex=\"-1\" id=\"fusion-tab-\ud83c\udfdb\ufe0flemus\u00e9edescivilisationsnoires\" href=\"#tab-8721f87556a4d9ceb12\"><h4 class=\"fusion-tab-heading\">\ud83c\udfdb\ufe0f Le Mus\u00e9e des Civilisations Noires <\/h4><\/a><\/li><li role=\"presentation\"><a class=\"tab-link\" data-toggle=\"tab\" role=\"tab\" aria-controls=\"tab-e4992ea26574397c099\" aria-selected=\"false\" tabindex=\"-1\" id=\"fusion-tab-\ud83d\ude86lagareduter\u2013uncarrefourmoderne\" href=\"#tab-e4992ea26574397c099\"><h4 class=\"fusion-tab-heading\">\ud83d\ude86 La Gare du TER \u2013 Un carrefour moderne<\/h4><\/a><\/li><\/ul><\/div><div class=\"tab-content\"><div class=\"nav fusion-mobile-tab-nav\"><ul class=\"nav-tabs nav-justified\" role=\"tablist\"><li class=\"active\" role=\"presentation\"><a class=\"tab-link\" data-toggle=\"tab\" role=\"tab\" aria-controls=\"tab-1ef9c9e7adf9d975876\" aria-selected=\"true\" id=\"mobile-fusion-tab-\ud83c\udfdd\ufe0fl\u2019\u00celedegor\u00e9e\u2013unem\u00e9moirevivante\" href=\"#tab-1ef9c9e7adf9d975876\"><h4 class=\"fusion-tab-heading\">\ud83c\udfdd\ufe0f L\u2019\u00cele de Gor\u00e9e \u2013 Une M\u00e9moire vivante<\/h4><\/a><\/li><\/ul><\/div><div class=\"tab-pane fade fusion-clearfix in active\" role=\"tabpanel\" tabindex=\"0\" aria-labelledby=\"fusion-tab-\ud83c\udfdd\ufe0fl\u2019\u00celedegor\u00e9e\u2013unem\u00e9moirevivante\" id=\"tab-1ef9c9e7adf9d975876\"><\/p>\n<p><img decoding=\"async\" class=\"lazyload alignnone wp-image-6993 size-medium\" src=\"https:\/\/safabhe.com\/voyages\/wp-content\/uploads\/2021\/09\/goree17-300x200.jpg\" data-orig-src=\"https:\/\/safabhe.com\/voyages\/wp-content\/uploads\/2021\/09\/goree17-300x200.jpg\" alt=\"\" width=\"300\" height=\"200\" srcset=\"data:image\/svg+xml,%3Csvg%20xmlns%3D%27http%3A%2F%2Fwww.w3.org%2F2000%2Fsvg%27%20width%3D%27300%27%20height%3D%27200%27%20viewBox%3D%270%200%20300%20200%27%3E%3Crect%20width%3D%27300%27%20height%3D%27200%27%20fill-opacity%3D%220%22%2F%3E%3C%2Fsvg%3E\" data-srcset=\"https:\/\/safabhe.com\/voyages\/wp-content\/uploads\/2021\/09\/goree17-300x200.jpg 300w, https:\/\/safabhe.com\/voyages\/wp-content\/uploads\/2021\/09\/goree17-700x467.jpg 700w, https:\/\/safabhe.com\/voyages\/wp-content\/uploads\/2021\/09\/goree17-768x512.jpg 768w, https:\/\/safabhe.com\/voyages\/wp-content\/uploads\/2021\/09\/goree17-1024x683.jpg 1024w, https:\/\/safabhe.com\/voyages\/wp-content\/uploads\/2021\/09\/goree17.jpg 1080w\" data-sizes=\"auto\" data-orig-sizes=\"(max-width: 300px) 100vw, 300px\" \/><\/p>\n<p>Class\u00e9e au patrimoine mondial de l\u2019UNESCO, l\u2019\u00eele de Gor\u00e9e est un lieu charg\u00e9 d\u2019\u00e9motion et d\u2019histoire. Ancien centre de commerce des esclaves, elle abrite la c\u00e9l\u00e8bre Maison des Esclaves, des ruelles color\u00e9es, des b\u00e2timents coloniaux et une atmosph\u00e8re paisible. Un passage incontournable pour comprendre le pass\u00e9, tout en profitant de la beaut\u00e9 du lieu.<\/p>\n<p><\/div><div class=\"nav fusion-mobile-tab-nav\"><ul class=\"nav-tabs nav-justified\" role=\"tablist\"><li role=\"presentation\"><a class=\"tab-link\" data-toggle=\"tab\" role=\"tab\" aria-controls=\"tab-a5535fa8ba5ba2ffb28\" aria-selected=\"false\" tabindex=\"-1\" id=\"mobile-fusion-tab-\u26ealacath\u00e9draledusouvenirafricain\u2013dakar\" href=\"#tab-a5535fa8ba5ba2ffb28\"><h4 class=\"fusion-tab-heading\">\u26ea La Cath\u00e9drale du Souvenir Africain \u2013 Dakar<\/h4><\/a><\/li><\/ul><\/div><div class=\"tab-pane fade fusion-clearfix\" role=\"tabpanel\" tabindex=\"0\" aria-labelledby=\"fusion-tab-\u26ealacath\u00e9draledusouvenirafricain\u2013dakar\" id=\"tab-a5535fa8ba5ba2ffb28\"><\/p>\n<p><img decoding=\"async\" class=\"lazyload alignnone wp-image-7072 size-medium\" src=\"https:\/\/safabhe.com\/voyages\/wp-content\/uploads\/2021\/09\/cathedrale2-300x200.jpg\" data-orig-src=\"https:\/\/safabhe.com\/voyages\/wp-content\/uploads\/2021\/09\/cathedrale2-300x200.jpg\" alt=\"\" width=\"300\" height=\"200\" srcset=\"data:image\/svg+xml,%3Csvg%20xmlns%3D%27http%3A%2F%2Fwww.w3.org%2F2000%2Fsvg%27%20width%3D%27300%27%20height%3D%27200%27%20viewBox%3D%270%200%20300%20200%27%3E%3Crect%20width%3D%27300%27%20height%3D%27200%27%20fill-opacity%3D%220%22%2F%3E%3C%2Fsvg%3E\" data-srcset=\"https:\/\/safabhe.com\/voyages\/wp-content\/uploads\/2021\/09\/cathedrale2-300x200.jpg 300w, https:\/\/safabhe.com\/voyages\/wp-content\/uploads\/2021\/09\/cathedrale2-700x466.jpg 700w, https:\/\/safabhe.com\/voyages\/wp-content\/uploads\/2021\/09\/cathedrale2-768x511.jpg 768w, https:\/\/safabhe.com\/voyages\/wp-content\/uploads\/2021\/09\/cathedrale2.jpg 775w\" data-sizes=\"auto\" data-orig-sizes=\"(max-width: 300px) 100vw, 300px\" \/><\/p>\n<p>Situ\u00e9e en plein c\u0153ur de Dakar, la Cath\u00e9drale du Souvenir Africain est un monument embl\u00e9matique de l\u2019\u00e9poque coloniale. Inaugur\u00e9e en 1936, elle impressionne par son architecture m\u00ealant styles byzantin et africain, et reste un lieu de recueillement majeur pour la communaut\u00e9 chr\u00e9tienne du S\u00e9n\u00e9gal.<\/p>\n<p><\/div><div class=\"nav fusion-mobile-tab-nav\"><ul class=\"nav-tabs nav-justified\" role=\"tablist\"><li role=\"presentation\"><a class=\"tab-link\" data-toggle=\"tab\" role=\"tab\" aria-controls=\"tab-ecd4e4b120e0821a36c\" aria-selected=\"false\" tabindex=\"-1\" id=\"mobile-fusion-tab-\ud83c\udfdb\ufe0flepalaisdelar\u00e9publique\u2013dakar\" href=\"#tab-ecd4e4b120e0821a36c\"><h4 class=\"fusion-tab-heading\">\ud83c\udfdb\ufe0f Le Palais de la R\u00e9publique \u2013 Dakar<\/h4><\/a><\/li><\/ul><\/div><div class=\"tab-pane fade fusion-clearfix\" role=\"tabpanel\" tabindex=\"0\" aria-labelledby=\"fusion-tab-\ud83c\udfdb\ufe0flepalaisdelar\u00e9publique\u2013dakar\" id=\"tab-ecd4e4b120e0821a36c\"><\/p>\n<p><img decoding=\"async\" class=\"lazyload alignnone wp-image-7059 size-medium\" src=\"https:\/\/safabhe.com\/voyages\/wp-content\/uploads\/2021\/09\/palais-300x200.jpg\" data-orig-src=\"https:\/\/safabhe.com\/voyages\/wp-content\/uploads\/2021\/09\/palais-300x200.jpg\" alt=\"\" width=\"300\" height=\"200\" srcset=\"data:image\/svg+xml,%3Csvg%20xmlns%3D%27http%3A%2F%2Fwww.w3.org%2F2000%2Fsvg%27%20width%3D%27300%27%20height%3D%27200%27%20viewBox%3D%270%200%20300%20200%27%3E%3Crect%20width%3D%27300%27%20height%3D%27200%27%20fill-opacity%3D%220%22%2F%3E%3C%2Fsvg%3E\" data-srcset=\"https:\/\/safabhe.com\/voyages\/wp-content\/uploads\/2021\/09\/palais-300x200.jpg 300w, https:\/\/safabhe.com\/voyages\/wp-content\/uploads\/2021\/09\/palais-700x466.jpg 700w, https:\/\/safabhe.com\/voyages\/wp-content\/uploads\/2021\/09\/palais-768x511.jpg 768w, https:\/\/safabhe.com\/voyages\/wp-content\/uploads\/2021\/09\/palais.jpg 775w\" data-sizes=\"auto\" data-orig-sizes=\"(max-width: 300px) 100vw, 300px\" \/><\/p>\n<p>Situ\u00e9 face \u00e0 la mer, en plein centre-ville, le Palais de la R\u00e9publique est la r\u00e9sidence officielle du pr\u00e9sident du S\u00e9n\u00e9gal. Construit \u00e0 l&rsquo;\u00e9poque coloniale, ce b\u00e2timent majestueux symbolise le pouvoir de l&rsquo;\u00c9tat. Bien qu\u2019il ne se visite pas, il reste un rep\u00e8re historique et architectural incontournable de Dakar.<\/p>\n<p><\/div><div class=\"nav fusion-mobile-tab-nav\"><ul class=\"nav-tabs nav-justified\" role=\"tablist\"><li role=\"presentation\"><a class=\"tab-link\" data-toggle=\"tab\" role=\"tab\" aria-controls=\"tab-95a50b62cb27f99b25e\" aria-selected=\"false\" tabindex=\"-1\" id=\"mobile-fusion-tab-\ud83d\udecd\ufe0flemarch\u00e9kermel\u2013l\u2019\u00e2mecommer\u00e7antededakar\" href=\"#tab-95a50b62cb27f99b25e\"><h4 class=\"fusion-tab-heading\">\ud83d\udecd\ufe0f Le March\u00e9 Kermel \u2013 L\u2019\u00e2me commer\u00e7ante de Dakar<\/h4><\/a><\/li><\/ul><\/div><div class=\"tab-pane fade fusion-clearfix\" role=\"tabpanel\" tabindex=\"0\" aria-labelledby=\"fusion-tab-\ud83d\udecd\ufe0flemarch\u00e9kermel\u2013l\u2019\u00e2mecommer\u00e7antededakar\" id=\"tab-95a50b62cb27f99b25e\"><\/p>\n<p><img decoding=\"async\" class=\"lazyload alignnone wp-image-7079 size-medium\" src=\"https:\/\/safabhe.com\/voyages\/wp-content\/uploads\/2021\/09\/marche_kermel2-300x200.jpg\" data-orig-src=\"https:\/\/safabhe.com\/voyages\/wp-content\/uploads\/2021\/09\/marche_kermel2-300x200.jpg\" alt=\"\" width=\"300\" height=\"200\" srcset=\"data:image\/svg+xml,%3Csvg%20xmlns%3D%27http%3A%2F%2Fwww.w3.org%2F2000%2Fsvg%27%20width%3D%27300%27%20height%3D%27200%27%20viewBox%3D%270%200%20300%20200%27%3E%3Crect%20width%3D%27300%27%20height%3D%27200%27%20fill-opacity%3D%220%22%2F%3E%3C%2Fsvg%3E\" data-srcset=\"https:\/\/safabhe.com\/voyages\/wp-content\/uploads\/2021\/09\/marche_kermel2-300x200.jpg 300w, https:\/\/safabhe.com\/voyages\/wp-content\/uploads\/2021\/09\/marche_kermel2-700x466.jpg 700w, https:\/\/safabhe.com\/voyages\/wp-content\/uploads\/2021\/09\/marche_kermel2-768x511.jpg 768w, https:\/\/safabhe.com\/voyages\/wp-content\/uploads\/2021\/09\/marche_kermel2.jpg 775w\" data-sizes=\"auto\" data-orig-sizes=\"(max-width: 300px) 100vw, 300px\" \/><\/p>\n<p>Situ\u00e9 non loin du centre-ville, le March\u00e9 Kermel est l\u2019un des march\u00e9s les plus embl\u00e9matiques de Dakar. Avec son architecture coloniale circulaire, il offre une ambiance authentique o\u00f9 se m\u00ealent \u00e9pices, artisanat, fruits tropicaux, poissons frais et objets souvenirs. Un lieu vivant, id\u00e9al pour s\u2019impr\u00e9gner de la culture locale.<\/p>\n<p><\/div><div class=\"nav fusion-mobile-tab-nav\"><ul class=\"nav-tabs nav-justified\" role=\"tablist\"><li role=\"presentation\"><a class=\"tab-link\" data-toggle=\"tab\" role=\"tab\" aria-controls=\"tab-8721f87556a4d9ceb12\" aria-selected=\"false\" tabindex=\"-1\" id=\"mobile-fusion-tab-\ud83c\udfdb\ufe0flemus\u00e9edescivilisationsnoires\" href=\"#tab-8721f87556a4d9ceb12\"><h4 class=\"fusion-tab-heading\">\ud83c\udfdb\ufe0f Le Mus\u00e9e des Civilisations Noires <\/h4><\/a><\/li><\/ul><\/div><div class=\"tab-pane fade fusion-clearfix\" role=\"tabpanel\" tabindex=\"0\" aria-labelledby=\"fusion-tab-\ud83c\udfdb\ufe0flemus\u00e9edescivilisationsnoires\" id=\"tab-8721f87556a4d9ceb12\"><\/p>\n<p><img decoding=\"async\" class=\"lazyload alignnone wp-image-7054 size-medium\" src=\"https:\/\/safabhe.com\/voyages\/wp-content\/uploads\/2021\/09\/musee1-300x144.jpg\" data-orig-src=\"https:\/\/safabhe.com\/voyages\/wp-content\/uploads\/2021\/09\/musee1-300x144.jpg\" alt=\"\" width=\"300\" height=\"144\" srcset=\"data:image\/svg+xml,%3Csvg%20xmlns%3D%27http%3A%2F%2Fwww.w3.org%2F2000%2Fsvg%27%20width%3D%27300%27%20height%3D%27144%27%20viewBox%3D%270%200%20300%20144%27%3E%3Crect%20width%3D%27300%27%20height%3D%27144%27%20fill-opacity%3D%220%22%2F%3E%3C%2Fsvg%3E\" data-srcset=\"https:\/\/safabhe.com\/voyages\/wp-content\/uploads\/2021\/09\/musee1-300x144.jpg 300w, https:\/\/safabhe.com\/voyages\/wp-content\/uploads\/2021\/09\/musee1-700x336.jpg 700w, https:\/\/safabhe.com\/voyages\/wp-content\/uploads\/2021\/09\/musee1-768x368.jpg 768w, https:\/\/safabhe.com\/voyages\/wp-content\/uploads\/2021\/09\/musee1-1024x491.jpg 1024w, https:\/\/safabhe.com\/voyages\/wp-content\/uploads\/2021\/09\/musee1-1536x736.jpg 1536w, https:\/\/safabhe.com\/voyages\/wp-content\/uploads\/2021\/09\/musee1.jpg 1800w\" data-sizes=\"auto\" data-orig-sizes=\"(max-width: 300px) 100vw, 300px\" \/><\/p>\n<p><span class=\"relative -mx-px my-&#091;-0.2rem&#093; rounded px-px py-&#091;0.2rem&#093; transition-colors duration-100 ease-in-out\">Inaugur\u00e9 en d\u00e9cembre 2018 \u00e0 Dakar, le Mus\u00e9e des Civilisations Noires (MCN) est une institution culturelle majeure d\u00e9di\u00e9e \u00e0 la valorisation des cultures africaines et de leur diaspora.<\/span> <span class=\"relative -mx-px my-&#091;-0.2rem&#093; rounded px-px py-&#091;0.2rem&#093; transition-colors duration-100 ease-in-out\">Con\u00e7u pour accueillir jusqu\u2019\u00e0 18 000 pi\u00e8ces, il pr\u00e9sente des collections allant des vestiges arch\u00e9ologiques aux \u0153uvres contemporaines, illustrant la richesse et la diversit\u00e9 des civilisations noires.<\/span> <span class=\"relative -mx-px my-&#091;-0.2rem&#093; rounded px-px py-&#091;0.2rem&#093; transition-colors duration-100 ease-in-out\">Son architecture circulaire, inspir\u00e9e des cases traditionnelles \u00e0 impluvium de Casamance, symbolise l\u2019union et la continuit\u00e9 des cultures africaines.<\/span><\/p>\n<p><\/div><div class=\"nav fusion-mobile-tab-nav\"><ul class=\"nav-tabs nav-justified\" role=\"tablist\"><li role=\"presentation\"><a class=\"tab-link\" data-toggle=\"tab\" role=\"tab\" aria-controls=\"tab-e4992ea26574397c099\" aria-selected=\"false\" tabindex=\"-1\" id=\"mobile-fusion-tab-\ud83d\ude86lagareduter\u2013uncarrefourmoderne\" href=\"#tab-e4992ea26574397c099\"><h4 class=\"fusion-tab-heading\">\ud83d\ude86 La Gare du TER \u2013 Un carrefour moderne<\/h4><\/a><\/li><\/ul><\/div><div class=\"tab-pane fade fusion-clearfix\" role=\"tabpanel\" tabindex=\"0\" aria-labelledby=\"fusion-tab-\ud83d\ude86lagareduter\u2013uncarrefourmoderne\" id=\"tab-e4992ea26574397c099\"><\/p>\n<p><img decoding=\"async\" class=\"lazyload alignnone wp-image-8278 size-medium\" src=\"https:\/\/safabhe.com\/voyages\/wp-content\/uploads\/2022\/06\/TRC_0487_xgaplus-300x200.jpg\" data-orig-src=\"https:\/\/safabhe.com\/voyages\/wp-content\/uploads\/2022\/06\/TRC_0487_xgaplus-300x200.jpg\" alt=\"\" width=\"300\" height=\"200\" srcset=\"data:image\/svg+xml,%3Csvg%20xmlns%3D%27http%3A%2F%2Fwww.w3.org%2F2000%2Fsvg%27%20width%3D%27300%27%20height%3D%27200%27%20viewBox%3D%270%200%20300%20200%27%3E%3Crect%20width%3D%27300%27%20height%3D%27200%27%20fill-opacity%3D%220%22%2F%3E%3C%2Fsvg%3E\" data-srcset=\"https:\/\/safabhe.com\/voyages\/wp-content\/uploads\/2022\/06\/TRC_0487_xgaplus-200x133.jpg 200w, https:\/\/safabhe.com\/voyages\/wp-content\/uploads\/2022\/06\/TRC_0487_xgaplus-300x200.jpg 300w, https:\/\/safabhe.com\/voyages\/wp-content\/uploads\/2022\/06\/TRC_0487_xgaplus-400x267.jpg 400w, https:\/\/safabhe.com\/voyages\/wp-content\/uploads\/2022\/06\/TRC_0487_xgaplus-600x400.jpg 600w, https:\/\/safabhe.com\/voyages\/wp-content\/uploads\/2022\/06\/TRC_0487_xgaplus-700x467.jpg 700w, https:\/\/safabhe.com\/voyages\/wp-content\/uploads\/2022\/06\/TRC_0487_xgaplus-768x512.jpg 768w, https:\/\/safabhe.com\/voyages\/wp-content\/uploads\/2022\/06\/TRC_0487_xgaplus-800x533.jpg 800w, https:\/\/safabhe.com\/voyages\/wp-content\/uploads\/2022\/06\/TRC_0487_xgaplus-1024x683.jpg 1024w, https:\/\/safabhe.com\/voyages\/wp-content\/uploads\/2022\/06\/TRC_0487_xgaplus.jpg 1152w\" data-sizes=\"auto\" data-orig-sizes=\"(max-width: 300px) 100vw, 300px\" \/><\/p>\n<p><span class=\"relative -mx-px my-&#091;-0.2rem&#093; rounded px-px py-&#091;0.2rem&#093; transition-colors duration-100 ease-in-out\">Situ\u00e9e dans le quartier historique du Plateau, la Gare du Train Express R\u00e9gional (TER) de Dakar est un symbole de la modernisation des infrastructures de transport du S\u00e9n\u00e9gal.<\/span> <span class=\"relative -mx-px my-&#091;-0.2rem&#093; rounded px-px py-&#091;0.2rem&#093; transition-colors duration-100 ease-in-out\">Inaugur\u00e9e en 2019 apr\u00e8s une r\u00e9novation compl\u00e8te, elle allie patrimoine architectural et technologie contemporaine.<\/span> <span class=\"relative -mx-px my-&#091;-0.2rem&#093; rounded px-px py-&#091;0.2rem&#093; transition-colors duration-100 ease-in-out\">Point de d\u00e9part de la ligne TER reliant Dakar \u00e0 Diamniadio, et prochainement \u00e0 l&rsquo;a\u00e9roport international Blaise Diagne, cette gare facilite les d\u00e9placements quotidiens de milliers de passagers, contribuant ainsi \u00e0 d\u00e9sengorger la capitale.<\/span> <span class=\"relative -mx-px my-&#091;-0.2rem&#093; rounded px-px py-&#091;0.2rem&#093; transition-colors duration-100 ease-in-out\">Avec ses installations modernes et son design respectueux de l&rsquo;histoire, la Gare du TER incarne la volont\u00e9 du S\u00e9n\u00e9gal de conjuguer tradition et progr\u00e8s.<\/span><\/p>\n<p><\/div><\/div><\/div>\n","protected":false},"excerpt":{"rendered":"<p>Explorez l\u2019essence de Dakar \u00e0 travers un circuit riche en histoire, du Plateau \u00e0 l\u2019\u00eele de Gor\u00e9e, entre culture, patrimoine et lieux embl\u00e9matiques.<\/p>\n","protected":false},"featured_media":7549,"comment_status":"open","ping_status":"closed","template":"","meta":[],"product_brand":[252],"product_cat":[214],"product_tag":[254,251],"class_list":{"0":"post-252","1":"product","2":"type-product","3":"status-publish","4":"has-post-thumbnail","6":"product_brand-tourisme","7":"product_cat-circuit-senegal","8":"product_tag-gn","9":"product_tag-une-journee","11":"first","12":"instock","13":"taxable","14":"shipping-taxable","15":"purchasable","16":"product-type-variable"},"jetpack_sharing_enabled":true,"_links":{"self":[{"href":"https:\/\/safabhe.com\/voyages\/wp-json\/wp\/v2\/product\/252","targetHints":{"allow":["GET"]}}],"collection":[{"href":"https:\/\/safabhe.com\/voyages\/wp-json\/wp\/v2\/product"}],"about":[{"href":"https:\/\/safabhe.com\/voyages\/wp-json\/wp\/v2\/types\/product"}],"replies":[{"embeddable":true,"href":"https:\/\/safabhe.com\/voyages\/wp-json\/wp\/v2\/comments?post=252"}],"wp:featuredmedia":[{"embeddable":true,"href":"https:\/\/safabhe.com\/voyages\/wp-json\/wp\/v2\/media\/7549"}],"wp:attachment":[{"href":"https:\/\/safabhe.com\/voyages\/wp-json\/wp\/v2\/media?parent=252"}],"wp:term":[{"taxonomy":"product_brand","embeddable":true,"href":"https:\/\/safabhe.com\/voyages\/wp-json\/wp\/v2\/product_brand?post=252"},{"taxonomy":"product_cat","embeddable":true,"href":"https:\/\/safabhe.com\/voyages\/wp-json\/wp\/v2\/product_cat?post=252"},{"taxonomy":"product_tag","embeddable":true,"href":"https:\/\/safabhe.com\/voyages\/wp-json\/wp\/v2\/product_tag?post=252"}],"curies":[{"name":"wp","href":"https:\/\/api.w.org\/{rel}","templated":true}]}}