{"id":9417,"date":"2025-11-30T21:31:10","date_gmt":"2025-11-30T21:31:10","guid":{"rendered":"https:\/\/safabhe.com\/voyages\/?page_id=9417"},"modified":"2025-11-30T21:56:47","modified_gmt":"2025-11-30T21:56:47","slug":"mentions-legales","status":"publish","type":"page","link":"https:\/\/safabhe.com\/voyages\/mentions-legales\/","title":{"rendered":"Mentions l\u00e9gales"},"content":{"rendered":"<div class=\"fusion-fullwidth fullwidth-box fusion-builder-row-1 fusion-flex-container has-pattern-background has-mask-background nonhundred-percent-fullwidth non-hundred-percent-height-scrolling\" style=\"--awb-border-radius-top-left:0px;--awb-border-radius-top-right:0px;--awb-border-radius-bottom-right:0px;--awb-border-radius-bottom-left:0px;--awb-padding-top:50px;--awb-padding-right:50px;--awb-padding-bottom:50px;--awb-padding-left:50px;--awb-flex-wrap:wrap;\" ><div class=\"fusion-builder-row fusion-row fusion-flex-align-items-flex-start fusion-flex-content-wrap\" style=\"max-width:1414.4px;margin-left: calc(-4% \/ 2 );margin-right: calc(-4% \/ 2 );\"><div class=\"fusion-layout-column fusion_builder_column fusion-builder-column-0 fusion_builder_column_1_1 1_1 fusion-flex-column\" style=\"--awb-padding-top:50px;--awb-padding-right:50px;--awb-padding-bottom:50px;--awb-padding-left:50px;--awb-bg-size:cover;--awb-width-large:100%;--awb-margin-top-large:0px;--awb-spacing-right-large:1.92%;--awb-margin-bottom-large:20px;--awb-spacing-left-large:1.92%;--awb-width-medium:100%;--awb-order-medium:0;--awb-spacing-right-medium:1.92%;--awb-spacing-left-medium:1.92%;--awb-width-small:100%;--awb-order-small:0;--awb-spacing-right-small:1.92%;--awb-spacing-left-small:1.92%;\" data-scroll-devices=\"small-visibility,medium-visibility,large-visibility\"><div class=\"fusion-column-wrapper fusion-column-has-shadow fusion-flex-justify-content-flex-start fusion-content-layout-column\"><div class=\"fusion-title title fusion-title-1 fusion-sep-none fusion-title-text fusion-title-size-three\" style=\"--awb-font-size:22px;\"><h3 class=\"fusion-title-heading title-heading-left\" style=\"margin:0;font-size:1em;\"><b>MENTIONS LEGALES<\/b><\/h3><\/div><div class=\"fusion-text fusion-text-1\"><p class=\"p2\"><b>1. Informations G\u00e9n\u00e9rales sur la Soci\u00e9t\u00e9<\/b><\/p>\n<div class=\"table-1\">\n<table class=\"t1\" cellspacing=\"0\" cellpadding=\"0\">\n<tbody>\n<tr>\n<td class=\"td1\" valign=\"middle\">\n<p class=\"p2\">D\u00e9signation<\/p>\n<\/td>\n<td class=\"td1\" valign=\"middle\">\n<p class=\"p3\">D\u00e9tails<\/p>\n<\/td>\n<\/tr>\n<tr>\n<td class=\"td1\" valign=\"middle\">\n<p class=\"p2\">Nom Commercial<\/p>\n<\/td>\n<td class=\"td1\" valign=\"middle\">\n<p class=\"p2\">Safabhe Voyages<\/p>\n<\/td>\n<\/tr>\n<tr>\n<td class=\"td1\" valign=\"middle\">\n<p class=\"p2\">Statut Juridique<\/p>\n<\/td>\n<td class=\"td1\" valign=\"middle\">\n<p class=\"p2\">Soci\u00e9t\u00e9 \u00e0 Responsabilit\u00e9 Limit\u00e9e (SARL)<\/p>\n<\/td>\n<\/tr>\n<tr>\n<td class=\"td1\" valign=\"middle\">\n<p class=\"p2\">Si\u00e8ge social<span class=\"Apple-converted-space\">\u00a0<\/span><\/p>\n<\/td>\n<td class=\"td1\" valign=\"middle\">\n<p class=\"p2\">Parcelles assainies U10, Villa 146 \u2013 Dakar, S\u00e9n\u00e9gal<span class=\"Apple-converted-space\">\u00a0<\/span><\/p>\n<\/td>\n<\/tr>\n<tr>\n<td class=\"td1\" valign=\"middle\">\n<p class=\"p2\">T\u00e9l\u00e9phone<span class=\"Apple-converted-space\">\u00a0<\/span><\/p>\n<\/td>\n<td class=\"td1\" valign=\"middle\">\n<p class=\"p2\">+221 77 213 66 33<span class=\"Apple-converted-space\">\u00a0<\/span><\/p>\n<\/td>\n<\/tr>\n<tr>\n<td class=\"td1\" valign=\"middle\">\n<p class=\"p2\">Adresse Email<\/p>\n<\/td>\n<td class=\"td1\" valign=\"middle\">\n<p class=\"p3\"><span class=\"Apple-converted-space\">\u00a0<\/span>contact@safabhe.com<span class=\"Apple-converted-space\">\u00a0<\/span><\/p>\n<\/td>\n<\/tr>\n<tr>\n<td class=\"td1\" valign=\"middle\">\n<p class=\"p2\">Activit\u00e9 Principale<\/p>\n<\/td>\n<td class=\"td1\" valign=\"middle\">\n<ul class=\"ul1\">\n<li class=\"li2\">La vente de billets d\u2019avion (vols nationaux et internationaux)<\/li>\n<li class=\"li2\">Les services de r\u00e9servation (h\u00f4tels, transports)<\/li>\n<li class=\"li2\">L\u2019organisation de voyages (tourisme, p\u00e8lerinage, s\u00e9minaires)<\/li>\n<li class=\"li2\">La gestion et l\u2019assistance voyageurs<\/li>\n<\/ul>\n<\/td>\n<\/tr>\n<\/tbody>\n<\/table>\n<\/div>\n<p class=\"p2\"><b>2. Editeur et H\u00e9bergement<\/b><\/p>\n<div class=\"table-1\">\n<table class=\"t1\" cellspacing=\"0\" cellpadding=\"0\">\n<tbody>\n<tr>\n<td class=\"td1\" valign=\"middle\">\n<p class=\"p2\">D\u00e9signation<\/p>\n<\/td>\n<td class=\"td1\" valign=\"middle\">\n<p class=\"p2\">D\u00e9tails<\/p>\n<\/td>\n<\/tr>\n<tr>\n<td class=\"td1\" valign=\"middle\">\n<p class=\"p2\">Responsable d\u2019\u00e9dition<\/p>\n<\/td>\n<td class=\"td1\" valign=\"middle\"><\/td>\n<\/tr>\n<tr>\n<td class=\"td1\" valign=\"middle\">\n<p class=\"p2\">Contact \u00e9diteur<\/p>\n<\/td>\n<td class=\"td1\" valign=\"middle\">\n<p class=\"p2\">contact@safabhe.com<\/p>\n<\/td>\n<\/tr>\n<tr>\n<td class=\"td1\" valign=\"middle\">\n<p class=\"p2\">H\u00e9bergeur<\/p>\n<\/td>\n<td class=\"td1\" valign=\"middle\">\n<p class=\"p2\">kheweul.com SA<\/p>\n<\/td>\n<\/tr>\n<tr>\n<td class=\"td1\" valign=\"middle\">\n<p class=\"p2\">Adresse de l\u2019h\u00e9bergeur<\/p>\n<\/td>\n<td class=\"td1\" valign=\"middle\">\n<p class=\"p2\">79 Rue Joseph Gomis Dakar BP\u00a0:7474<\/p>\n<\/td>\n<\/tr>\n<tr>\n<td class=\"td1\" valign=\"middle\">\n<p class=\"p2\">Contact h\u00e9bergeur<\/p>\n<\/td>\n<td class=\"td1\" valign=\"middle\">\n<p class=\"p2\"><span class=\"Apple-converted-space\">\u00a0<\/span>Email \/ \u00a0(+221) 33 821 29 39<\/p>\n<\/td>\n<\/tr>\n<\/tbody>\n<\/table>\n<\/div>\n<p class=\"p2\"><b>3. Propri\u00e9t\u00e9 intellectuelle<\/b><\/p>\n<ul class=\"ul1\">\n<li class=\"li2\">L\u2019int\u00e9gralit\u00e9 du contenu (textes, images, vid\u00e9os, logo, structure) du site est la propri\u00e9t\u00e9 de Safabhe Voyages.<\/li>\n<li class=\"li2\">Toute reproduction, repr\u00e9sentation, modification, publication, adaptation de tout ou partie des \u00e9l\u00e9ments du site, quel que soit le moyen ou le proc\u00e9d\u00e9 utilis\u00e9, est interdite, sauf autorisation \u00e9crite pr\u00e9alable de Safabhe Voyages.<\/li>\n<li class=\"li2\">Les marques, logos et autres signes distinctifs figurant sur le site sont la propri\u00e9t\u00e9 de Safabhe Voyages ou de tiers ayant autoris\u00e9 leur usage.<\/li>\n<\/ul>\n<p class=\"p2\"><b>4. Donn\u00e9es personnelles<\/b><\/p>\n<ul class=\"ul1\">\n<li class=\"li2\">Safabhe Voyages collecte certaines donn\u00e9es personnelles des utilisateurs (ex : nom, email, t\u00e9l\u00e9phone) dans le cadre de la r\u00e9servation ou des formulaires de contact.<\/li>\n<li class=\"li2\">Ces donn\u00e9es sont trait\u00e9es de mani\u00e8re confidentielle et s\u00e9curis\u00e9e.<\/li>\n<li class=\"li2\">Conform\u00e9ment \u00e0 la l\u00e9gislation la loi s\u00e9n\u00e9galaise<span class=\"Apple-converted-space\">\u00a0 <\/span>n\u00b0 2008-12 du 25 janvier 2008 sur la protection des donn\u00e9es personnelles, les utilisateurs disposent d\u2019un droit d\u2019acc\u00e8s, de rectification ou de suppression de leurs donn\u00e9es en \u00e9crivant \u00e0 <b>contact@safabhe.com<\/b>.<\/li>\n<li class=\"li2\">Les cookies peuvent \u00eatre utilis\u00e9s pour am\u00e9liorer l\u2019exp\u00e9rience utilisateur.<\/li>\n<\/ul>\n<p class=\"p2\"><b>5. Responsabilit\u00e9<\/b><\/p>\n<ul class=\"ul1\">\n<li class=\"li2\">Safabhe Voyages s\u2019efforce de fournir des informations exactes et \u00e0 jour, mais ne garantit pas l\u2019exhaustivit\u00e9 ou l\u2019absence d\u2019erreurs.<\/li>\n<li class=\"li2\">L\u2019utilisation du site se fait sous la responsabilit\u00e9 de l\u2019utilisateur.<\/li>\n<li class=\"li2\">Safabhe Voyages ne pourra \u00eatre tenue responsable des dommages directs ou indirects r\u00e9sultant de l\u2019acc\u00e8s ou de l\u2019utilisation de ce site, y compris en cas d\u2019erreur, d\u2019omission ou d\u2019interruption.<\/li>\n<\/ul>\n<p class=\"p2\"><b>6. Liens externes<\/b><\/p>\n<ul class=\"ul1\">\n<li class=\"li2\">Le site peut contenir des liens vers des sites tiers. Safabhe Voyages n\u2019a pas de contr\u00f4le sur ces sites et d\u00e9cline toute responsabilit\u00e9 quant \u00e0 leur contenu.<\/li>\n<li class=\"li2\">L\u2019ouverture de ces liens se fait \u00e0 l\u2019initiative de l\u2019utilisateur.<\/li>\n<\/ul>\n<p class=\"p2\"><b>7. Droit applicable et juridiction<\/b><\/p>\n<ul class=\"ul1\">\n<li class=\"li2\">Les pr\u00e9sentes mentions l\u00e9gales sont r\u00e9gies par le droit s\u00e9n\u00e9galais.<\/li>\n<li class=\"li2\">En cas de litige, les parties s\u2019efforceront de r\u00e9soudre le diff\u00e9rend \u00e0 l\u2019amiable. \u00c0 d\u00e9faut, les tribunaux comp\u00e9tents de Dakar seront seuls comp\u00e9tents.<\/li>\n<\/ul>\n<p class=\"p2\"><b>8. Modification des mentions l\u00e9gales<\/b><\/p>\n<ul class=\"ul1\">\n<li class=\"li2\">Safabhe Voyages se r\u00e9serve le droit de modifier les pr\u00e9sentes mentions l\u00e9gales \u00e0 tout moment.<\/li>\n<li class=\"li2\">Les modifications prennent effet d\u00e8s leur publication sur le site. Il est recommand\u00e9 aux utilisateurs de consulter r\u00e9guli\u00e8rement cette page.<\/li>\n<\/ul>\n<\/div><\/div><\/div><\/div><\/div>\n","protected":false},"excerpt":{"rendered":"","protected":false},"author":1,"featured_media":0,"parent":0,"menu_order":0,"comment_status":"closed","ping_status":"closed","template":"100-width.php","meta":{"footnotes":""},"class_list":["post-9417","page","type-page","status-publish","hentry"],"jetpack_sharing_enabled":true,"_links":{"self":[{"href":"https:\/\/safabhe.com\/voyages\/wp-json\/wp\/v2\/pages\/9417","targetHints":{"allow":["GET"]}}],"collection":[{"href":"https:\/\/safabhe.com\/voyages\/wp-json\/wp\/v2\/pages"}],"about":[{"href":"https:\/\/safabhe.com\/voyages\/wp-json\/wp\/v2\/types\/page"}],"author":[{"embeddable":true,"href":"https:\/\/safabhe.com\/voyages\/wp-json\/wp\/v2\/users\/1"}],"replies":[{"embeddable":true,"href":"https:\/\/safabhe.com\/voyages\/wp-json\/wp\/v2\/comments?post=9417"}],"version-history":[{"count":9,"href":"https:\/\/safabhe.com\/voyages\/wp-json\/wp\/v2\/pages\/9417\/revisions"}],"predecessor-version":[{"id":9421,"href":"https:\/\/safabhe.com\/voyages\/wp-json\/wp\/v2\/pages\/9417\/revisions\/9421"}],"wp:attachment":[{"href":"https:\/\/safabhe.com\/voyages\/wp-json\/wp\/v2\/media?parent=9417"}],"curies":[{"name":"wp","href":"https:\/\/api.w.org\/{rel}","templated":true}]}}