{"id":1583,"date":"2022-08-03T13:29:26","date_gmt":"2022-08-03T13:29:26","guid":{"rendered":"https:\/\/avadawebsites.wpengine.com\/tour-operator\/?page_id=1583"},"modified":"2025-02-06T02:03:42","modified_gmt":"2025-02-06T02:03:42","slug":"news-tips-guides","status":"publish","type":"page","link":"https:\/\/safabhe.com\/voyages\/news-tips-guides\/","title":{"rendered":"Conseils, Tips &#038; Guides"},"content":{"rendered":"<div class=\"fusion-fullwidth fullwidth-box fusion-builder-row-1 fusion-flex-container has-pattern-background has-mask-background nonhundred-percent-fullwidth non-hundred-percent-height-scrolling\" style=\"--awb-border-radius-top-left:0px;--awb-border-radius-top-right:0px;--awb-border-radius-bottom-right:0px;--awb-border-radius-bottom-left:0px;--awb-flex-wrap:wrap;\" ><div class=\"fusion-builder-row fusion-row fusion-flex-align-items-flex-start fusion-flex-content-wrap\" style=\"max-width:1414.4px;margin-left: calc(-4% \/ 2 );margin-right: calc(-4% \/ 2 );\"><div class=\"fusion-layout-column fusion_builder_column fusion-builder-column-0 fusion_builder_column_1_1 1_1 fusion-flex-column\" style=\"--awb-bg-size:cover;--awb-width-large:100%;--awb-margin-top-large:0px;--awb-spacing-right-large:1.92%;--awb-margin-bottom-large:0px;--awb-spacing-left-large:1.92%;--awb-width-medium:100%;--awb-order-medium:0;--awb-spacing-right-medium:1.92%;--awb-spacing-left-medium:1.92%;--awb-width-small:100%;--awb-order-small:0;--awb-spacing-right-small:1.92%;--awb-spacing-left-small:1.92%;\"><div class=\"fusion-column-wrapper fusion-column-has-shadow fusion-flex-justify-content-flex-start fusion-content-layout-column\"><div class=\"fusion-post-cards fusion-post-cards-1 fusion-grid-archive fusion-grid-columns-3\" style=\"--awb-dots-align:center;--awb-columns:3;--awb-active-filter-border-size:3px;--awb-filters-height:36px;--awb-row-spacing:100px;--awb-columns-small:100%;\"><ul class=\"fusion-grid fusion-grid-3 fusion-flex-align-items-flex-start fusion-grid-posts-cards\"><li class=\"fusion-layout-column fusion_builder_column fusion-builder-column-1 fusion-flex-column post-card fusion-grid-column fusion-post-cards-grid-column\" style=\"--awb-bg-blend:overlay;--awb-bg-size:cover;\"><div class=\"fusion-column-wrapper fusion-flex-justify-content-flex-start fusion-content-layout-column\"><div class=\"fusion-classic-product-image-wrapper fusion-woo-product-image fusion-post-card-image fusion-post-card-image-1\" data-layout=\"static\" style=\"--awb-border-radius-top-left:12px;--awb-border-radius-top-right:12px;--awb-border-radius-bottom-right:12px;--awb-border-radius-bottom-left:12px;\"><div  class=\"fusion-image-wrapper\" aria-haspopup=\"true\">\n\t\t\t\t\t\t\t<a href=\"https:\/\/safabhe.com\/voyages\/2025\/02\/06\/conseils-de-voyage-pour-une-premiere-visite-en-guinee\/\" aria-label=\"Conseils de voyage pour une premi\u00e8re visite en Guin\u00e9e\">\n\t\t\t\t\t\t\t<img decoding=\"async\" width=\"1000\" height=\"667\" src=\"https:\/\/safabhe.com\/voyages\/wp-content\/uploads\/2025\/02\/C90AE6B6-9BCE-4CBC-AB88-D17294C55281_L0_001-30_11_2024-00_27_26-e1741649468763.jpg\" class=\"attachment-full size-full lazyload wp-post-image\" alt=\"\" srcset=\"data:image\/svg+xml,%3Csvg%20xmlns%3D%27http%3A%2F%2Fwww.w3.org%2F2000%2Fsvg%27%20width%3D%271000%27%20height%3D%27667%27%20viewBox%3D%270%200%201000%20667%27%3E%3Crect%20width%3D%271000%27%20height%3D%27667%27%20fill-opacity%3D%220%22%2F%3E%3C%2Fsvg%3E\" data-orig-src=\"https:\/\/safabhe.com\/voyages\/wp-content\/uploads\/2025\/02\/C90AE6B6-9BCE-4CBC-AB88-D17294C55281_L0_001-30_11_2024-00_27_26-e1741649468763.jpg\" data-srcset=\"https:\/\/safabhe.com\/voyages\/wp-content\/uploads\/2025\/02\/C90AE6B6-9BCE-4CBC-AB88-D17294C55281_L0_001-30_11_2024-00_27_26-e1741649468763-200x133.jpg 200w, https:\/\/safabhe.com\/voyages\/wp-content\/uploads\/2025\/02\/C90AE6B6-9BCE-4CBC-AB88-D17294C55281_L0_001-30_11_2024-00_27_26-e1741649468763-400x267.jpg 400w, https:\/\/safabhe.com\/voyages\/wp-content\/uploads\/2025\/02\/C90AE6B6-9BCE-4CBC-AB88-D17294C55281_L0_001-30_11_2024-00_27_26-e1741649468763-600x400.jpg 600w, https:\/\/safabhe.com\/voyages\/wp-content\/uploads\/2025\/02\/C90AE6B6-9BCE-4CBC-AB88-D17294C55281_L0_001-30_11_2024-00_27_26-e1741649468763-800x534.jpg 800w, https:\/\/safabhe.com\/voyages\/wp-content\/uploads\/2025\/02\/C90AE6B6-9BCE-4CBC-AB88-D17294C55281_L0_001-30_11_2024-00_27_26-e1741649468763.jpg 1000w\" data-sizes=\"auto\" \/>\t\t\t<\/a>\n\t\t\t\t\t\t\t<\/div>\n<\/div><div class=\"fusion-builder-row fusion-builder-row-inner fusion-row fusion-flex-align-items-flex-start fusion-flex-content-wrap\" style=\"width:104% !important;max-width:104% !important;margin-left: calc(-4% \/ 2 );margin-right: calc(-4% \/ 2 );\"><div class=\"fusion-layout-column fusion_builder_column_inner fusion-builder-nested-column-0 fusion_builder_column_inner_1_1 1_1 fusion-flex-column\" style=\"--awb-padding-top:25px;--awb-padding-right:20px;--awb-padding-left:20px;--awb-overflow:hidden;--awb-bg-color:var(--awb-color1);--awb-bg-color-hover:var(--awb-color1);--awb-bg-size:cover;--awb-border-radius:12px 12px 12px 12px;--awb-width-large:100%;--awb-margin-top-large:0px;--awb-spacing-right-large:1.92%;--awb-margin-bottom-large:0px;--awb-spacing-left-large:1.92%;--awb-width-medium:100%;--awb-order-medium:0;--awb-spacing-right-medium:1.92%;--awb-spacing-left-medium:1.92%;--awb-width-small:100%;--awb-order-small:0;--awb-spacing-right-small:1.92%;--awb-margin-bottom-small:40px;--awb-spacing-left-small:1.92%;\"><div class=\"fusion-column-wrapper fusion-column-has-shadow fusion-flex-justify-content-flex-start fusion-content-layout-column\"><div class=\"fusion-text fusion-text-1 fusion-text-no-margin\" style=\"--awb-font-size:16px;--awb-letter-spacing:0.015em;--awb-margin-top:10px;--awb-margin-bottom:10px;\"><p><a href=\"https:\/\/safabhe.com\/voyages\/category\/infos-pratiques\/\" title=\"Infos Pratiques\">Infos Pratiques<\/a><\/p>\n<\/div><div class=\"fusion-title title fusion-title-1 fusion-sep-none fusion-title-text fusion-title-size-four\" style=\"--awb-margin-top:0px;--awb-link-color:var(--awb-color8);--awb-link-hover-color:var(--awb-color4);\"><h4 class=\"fusion-title-heading title-heading-left\" style=\"margin:0;\"><a href=\"https:\/\/safabhe.com\/voyages\/2025\/02\/06\/conseils-de-voyage-pour-une-premiere-visite-en-guinee\/\" class=\"awb-custom-text-color awb-custom-text-hover-color\" target=\"_self\">Conseils de voyage pour une premi\u00e8re visite en Guin\u00e9e<\/a><\/h4><\/div><div ><a class=\"fusion-button button-flat fusion-button-default-size button-custom fusion-button-default button-1 fusion-button-default-span fusion-button-default-type\" style=\"--button_accent_color:var(--awb-color5);--button_border_color:var(--awb-color4);--button_accent_hover_color:var(--awb-color5);--button_border_hover_color:var(--awb-color4);--button_border_width-top:0px;--button_border_width-right:0px;--button_border_width-bottom:1px;--button_border_width-left:0px;--button_gradient_top_color:var(--awb-color1);--button_gradient_bottom_color:var(--awb-color1);--button_gradient_top_color_hover:var(--awb-color1);--button_gradient_bottom_color_hover:var(--awb-color1);--button_text_transform:var(--awb-typography3-text-transform);--button_font_size:var(--awb-typography3-font-size);--button_line_height:var(--awb-typography3-line-height);--button_padding-top:20px;--button_padding-right:0px;--button_padding-bottom:20px;--button_padding-left:0px;--button_typography-letter-spacing:var(--awb-typography3-letter-spacing);--button_typography-font-family:var(--awb-typography3-font-family);--button_typography-font-weight:var(--awb-typography3-font-weight);--button_typography-font-style:var(--awb-typography3-font-style);\" target=\"_self\" href=\"https:\/\/safabhe.com\/voyages\/2025\/02\/06\/conseils-de-voyage-pour-une-premiere-visite-en-guinee\/\"><span class=\"fusion-button-text\">Lire la suite <\/span><i class=\"awb-touroperator-arrow-1 button-icon-right\" aria-hidden=\"true\"><\/i><\/a><\/div><\/div><\/div><\/div><\/div><\/li>\n<li class=\"fusion-layout-column fusion_builder_column fusion-builder-column-2 fusion-flex-column post-card fusion-grid-column fusion-post-cards-grid-column\" style=\"--awb-bg-blend:overlay;--awb-bg-size:cover;\"><div class=\"fusion-column-wrapper fusion-flex-justify-content-flex-start fusion-content-layout-column\"><div class=\"fusion-classic-product-image-wrapper fusion-woo-product-image fusion-post-card-image fusion-post-card-image-1\" data-layout=\"static\" style=\"--awb-border-radius-top-left:12px;--awb-border-radius-top-right:12px;--awb-border-radius-bottom-right:12px;--awb-border-radius-bottom-left:12px;\"><div  class=\"fusion-image-wrapper\" aria-haspopup=\"true\">\n\t\t\t\t\t\t\t<a href=\"https:\/\/safabhe.com\/voyages\/2022\/06\/17\/premiere-visite-au-senegal\/\" aria-label=\"Conseils de voyage pour une premi\u00e8re visite au S\u00e9n\u00e9gal\">\n\t\t\t\t\t\t\t<img decoding=\"async\" width=\"775\" height=\"516\" src=\"data:image\/svg+xml,%3Csvg%20xmlns%3D%27http%3A%2F%2Fwww.w3.org%2F2000%2Fsvg%27%20width%3D%27775%27%20height%3D%27516%27%20viewBox%3D%270%200%20775%20516%27%3E%3Crect%20width%3D%27775%27%20height%3D%27516%27%20fill-opacity%3D%220%22%2F%3E%3C%2Fsvg%3E\" class=\"attachment-full size-full lazyload wp-post-image\" alt=\"\" data-orig-src=\"https:\/\/safabhe.com\/voyages\/wp-content\/uploads\/2021\/09\/palais.jpg\" \/>\t\t\t<\/a>\n\t\t\t\t\t\t\t<\/div>\n<\/div><div class=\"fusion-builder-row fusion-builder-row-inner fusion-row fusion-flex-align-items-flex-start fusion-flex-content-wrap\" style=\"width:104% !important;max-width:104% !important;margin-left: calc(-4% \/ 2 );margin-right: calc(-4% \/ 2 );\"><div class=\"fusion-layout-column fusion_builder_column_inner fusion-builder-nested-column-1 fusion_builder_column_inner_1_1 1_1 fusion-flex-column\" style=\"--awb-padding-top:25px;--awb-padding-right:20px;--awb-padding-left:20px;--awb-overflow:hidden;--awb-bg-color:var(--awb-color1);--awb-bg-color-hover:var(--awb-color1);--awb-bg-size:cover;--awb-border-radius:12px 12px 12px 12px;--awb-width-large:100%;--awb-margin-top-large:0px;--awb-spacing-right-large:1.92%;--awb-margin-bottom-large:0px;--awb-spacing-left-large:1.92%;--awb-width-medium:100%;--awb-order-medium:0;--awb-spacing-right-medium:1.92%;--awb-spacing-left-medium:1.92%;--awb-width-small:100%;--awb-order-small:0;--awb-spacing-right-small:1.92%;--awb-margin-bottom-small:40px;--awb-spacing-left-small:1.92%;\"><div class=\"fusion-column-wrapper fusion-column-has-shadow fusion-flex-justify-content-flex-start fusion-content-layout-column\"><div class=\"fusion-text fusion-text-2 fusion-text-no-margin\" style=\"--awb-font-size:16px;--awb-letter-spacing:0.015em;--awb-margin-top:10px;--awb-margin-bottom:10px;\"><p><a href=\"https:\/\/safabhe.com\/voyages\/category\/infos-pratiques\/\" title=\"Infos Pratiques\">Infos Pratiques<\/a><\/p>\n<\/div><div class=\"fusion-title title fusion-title-2 fusion-sep-none fusion-title-text fusion-title-size-four\" style=\"--awb-margin-top:0px;--awb-link-color:var(--awb-color8);--awb-link-hover-color:var(--awb-color4);\"><h4 class=\"fusion-title-heading title-heading-left\" style=\"margin:0;\"><a href=\"https:\/\/safabhe.com\/voyages\/2022\/06\/17\/premiere-visite-au-senegal\/\" class=\"awb-custom-text-color awb-custom-text-hover-color\" target=\"_self\">Conseils de voyage pour une premi\u00e8re visite au S\u00e9n\u00e9gal<\/a><\/h4><\/div><div ><a class=\"fusion-button button-flat fusion-button-default-size button-custom fusion-button-default button-2 fusion-button-default-span fusion-button-default-type\" style=\"--button_accent_color:var(--awb-color5);--button_border_color:var(--awb-color4);--button_accent_hover_color:var(--awb-color5);--button_border_hover_color:var(--awb-color4);--button_border_width-top:0px;--button_border_width-right:0px;--button_border_width-bottom:1px;--button_border_width-left:0px;--button_gradient_top_color:var(--awb-color1);--button_gradient_bottom_color:var(--awb-color1);--button_gradient_top_color_hover:var(--awb-color1);--button_gradient_bottom_color_hover:var(--awb-color1);--button_text_transform:var(--awb-typography3-text-transform);--button_font_size:var(--awb-typography3-font-size);--button_line_height:var(--awb-typography3-line-height);--button_padding-top:20px;--button_padding-right:0px;--button_padding-bottom:20px;--button_padding-left:0px;--button_typography-letter-spacing:var(--awb-typography3-letter-spacing);--button_typography-font-family:var(--awb-typography3-font-family);--button_typography-font-weight:var(--awb-typography3-font-weight);--button_typography-font-style:var(--awb-typography3-font-style);\" target=\"_self\" href=\"https:\/\/safabhe.com\/voyages\/2022\/06\/17\/premiere-visite-au-senegal\/\"><span class=\"fusion-button-text\">Lire la suite <\/span><i class=\"awb-touroperator-arrow-1 button-icon-right\" aria-hidden=\"true\"><\/i><\/a><\/div><\/div><\/div><\/div><\/div><\/li>\n<li class=\"fusion-layout-column fusion_builder_column fusion-builder-column-3 fusion-flex-column post-card fusion-grid-column fusion-post-cards-grid-column\" style=\"--awb-bg-blend:overlay;--awb-bg-size:cover;\"><div class=\"fusion-column-wrapper fusion-flex-justify-content-flex-start fusion-content-layout-column\"><div class=\"fusion-classic-product-image-wrapper fusion-woo-product-image fusion-post-card-image fusion-post-card-image-1\" data-layout=\"static\" style=\"--awb-border-radius-top-left:12px;--awb-border-radius-top-right:12px;--awb-border-radius-bottom-right:12px;--awb-border-radius-bottom-left:12px;\"><div  class=\"fusion-image-wrapper\" aria-haspopup=\"true\">\n\t\t\t\t\t\t\t<a href=\"https:\/\/safabhe.com\/voyages\/2022\/06\/17\/astuces-billets\/\" aria-label=\"Comment acheter ses billets d\u2019avion au meilleur prix ?\">\n\t\t\t\t\t\t\t<img decoding=\"async\" width=\"1000\" height=\"667\" src=\"https:\/\/safabhe.com\/voyages\/wp-content\/uploads\/2022\/06\/30043.jpg\" class=\"attachment-full size-full lazyload wp-post-image\" alt=\"\" srcset=\"data:image\/svg+xml,%3Csvg%20xmlns%3D%27http%3A%2F%2Fwww.w3.org%2F2000%2Fsvg%27%20width%3D%271000%27%20height%3D%27667%27%20viewBox%3D%270%200%201000%20667%27%3E%3Crect%20width%3D%271000%27%20height%3D%27667%27%20fill-opacity%3D%220%22%2F%3E%3C%2Fsvg%3E\" data-orig-src=\"https:\/\/safabhe.com\/voyages\/wp-content\/uploads\/2022\/06\/30043.jpg\" data-srcset=\"https:\/\/safabhe.com\/voyages\/wp-content\/uploads\/2022\/06\/30043-200x133.jpg 200w, https:\/\/safabhe.com\/voyages\/wp-content\/uploads\/2022\/06\/30043-400x267.jpg 400w, https:\/\/safabhe.com\/voyages\/wp-content\/uploads\/2022\/06\/30043-600x400.jpg 600w, https:\/\/safabhe.com\/voyages\/wp-content\/uploads\/2022\/06\/30043-800x534.jpg 800w, https:\/\/safabhe.com\/voyages\/wp-content\/uploads\/2022\/06\/30043.jpg 1000w\" data-sizes=\"auto\" \/>\t\t\t<\/a>\n\t\t\t\t\t\t\t<\/div>\n<\/div><div class=\"fusion-builder-row fusion-builder-row-inner fusion-row fusion-flex-align-items-flex-start fusion-flex-content-wrap\" style=\"width:104% !important;max-width:104% !important;margin-left: calc(-4% \/ 2 );margin-right: calc(-4% \/ 2 );\"><div class=\"fusion-layout-column fusion_builder_column_inner fusion-builder-nested-column-2 fusion_builder_column_inner_1_1 1_1 fusion-flex-column\" style=\"--awb-padding-top:25px;--awb-padding-right:20px;--awb-padding-left:20px;--awb-overflow:hidden;--awb-bg-color:var(--awb-color1);--awb-bg-color-hover:var(--awb-color1);--awb-bg-size:cover;--awb-border-radius:12px 12px 12px 12px;--awb-width-large:100%;--awb-margin-top-large:0px;--awb-spacing-right-large:1.92%;--awb-margin-bottom-large:0px;--awb-spacing-left-large:1.92%;--awb-width-medium:100%;--awb-order-medium:0;--awb-spacing-right-medium:1.92%;--awb-spacing-left-medium:1.92%;--awb-width-small:100%;--awb-order-small:0;--awb-spacing-right-small:1.92%;--awb-margin-bottom-small:40px;--awb-spacing-left-small:1.92%;\"><div class=\"fusion-column-wrapper fusion-column-has-shadow fusion-flex-justify-content-flex-start fusion-content-layout-column\"><div class=\"fusion-text fusion-text-3 fusion-text-no-margin\" style=\"--awb-font-size:16px;--awb-letter-spacing:0.015em;--awb-margin-top:10px;--awb-margin-bottom:10px;\"><p><a href=\"https:\/\/safabhe.com\/voyages\/category\/tips-astuces\/\" title=\"Tips\/Astuces\">Tips\/Astuces<\/a><\/p>\n<\/div><div class=\"fusion-title title fusion-title-3 fusion-sep-none fusion-title-text fusion-title-size-four\" style=\"--awb-margin-top:0px;--awb-link-color:var(--awb-color8);--awb-link-hover-color:var(--awb-color4);\"><h4 class=\"fusion-title-heading title-heading-left\" style=\"margin:0;\"><a href=\"https:\/\/safabhe.com\/voyages\/2022\/06\/17\/astuces-billets\/\" class=\"awb-custom-text-color awb-custom-text-hover-color\" target=\"_self\">Comment acheter ses billets d\u2019avion au meilleur prix ?<\/a><\/h4><\/div><div ><a class=\"fusion-button button-flat fusion-button-default-size button-custom fusion-button-default button-3 fusion-button-default-span fusion-button-default-type\" style=\"--button_accent_color:var(--awb-color5);--button_border_color:var(--awb-color4);--button_accent_hover_color:var(--awb-color5);--button_border_hover_color:var(--awb-color4);--button_border_width-top:0px;--button_border_width-right:0px;--button_border_width-bottom:1px;--button_border_width-left:0px;--button_gradient_top_color:var(--awb-color1);--button_gradient_bottom_color:var(--awb-color1);--button_gradient_top_color_hover:var(--awb-color1);--button_gradient_bottom_color_hover:var(--awb-color1);--button_text_transform:var(--awb-typography3-text-transform);--button_font_size:var(--awb-typography3-font-size);--button_line_height:var(--awb-typography3-line-height);--button_padding-top:20px;--button_padding-right:0px;--button_padding-bottom:20px;--button_padding-left:0px;--button_typography-letter-spacing:var(--awb-typography3-letter-spacing);--button_typography-font-family:var(--awb-typography3-font-family);--button_typography-font-weight:var(--awb-typography3-font-weight);--button_typography-font-style:var(--awb-typography3-font-style);\" target=\"_self\" href=\"https:\/\/safabhe.com\/voyages\/2022\/06\/17\/astuces-billets\/\"><span class=\"fusion-button-text\">Lire la suite <\/span><i class=\"awb-touroperator-arrow-1 button-icon-right\" aria-hidden=\"true\"><\/i><\/a><\/div><\/div><\/div><\/div><\/div><\/li>\n<\/ul><\/div><\/div><\/div><\/div><\/div>\n","protected":false},"excerpt":{"rendered":"","protected":false},"author":1,"featured_media":0,"parent":0,"menu_order":0,"comment_status":"closed","ping_status":"closed","template":"100-width.php","meta":{"footnotes":""},"class_list":["post-1583","page","type-page","status-publish","hentry"],"jetpack_sharing_enabled":true,"_links":{"self":[{"href":"https:\/\/safabhe.com\/voyages\/wp-json\/wp\/v2\/pages\/1583","targetHints":{"allow":["GET"]}}],"collection":[{"href":"https:\/\/safabhe.com\/voyages\/wp-json\/wp\/v2\/pages"}],"about":[{"href":"https:\/\/safabhe.com\/voyages\/wp-json\/wp\/v2\/types\/page"}],"author":[{"embeddable":true,"href":"https:\/\/safabhe.com\/voyages\/wp-json\/wp\/v2\/users\/1"}],"replies":[{"embeddable":true,"href":"https:\/\/safabhe.com\/voyages\/wp-json\/wp\/v2\/comments?post=1583"}],"version-history":[{"count":2,"href":"https:\/\/safabhe.com\/voyages\/wp-json\/wp\/v2\/pages\/1583\/revisions"}],"predecessor-version":[{"id":7572,"href":"https:\/\/safabhe.com\/voyages\/wp-json\/wp\/v2\/pages\/1583\/revisions\/7572"}],"wp:attachment":[{"href":"https:\/\/safabhe.com\/voyages\/wp-json\/wp\/v2\/media?parent=1583"}],"curies":[{"name":"wp","href":"https:\/\/api.w.org\/{rel}","templated":true}]}}